{"id":204,"date":"2020-02-13T13:50:27","date_gmt":"2020-02-13T12:50:27","guid":{"rendered":"http:\/\/zbrojak-hradec.cz\/?page_id=204"},"modified":"2026-03-26T23:53:41","modified_gmt":"2026-03-26T22:53:41","slug":"registrace-do-kurzu-pro-ziskani-zbrojniho-prukazu-2","status":"publish","type":"page","link":"https:\/\/zbrojak-hradec.cz\/?page_id=204","title":{"rendered":"Kurzy"},"content":{"rendered":"\n<p class=\"has-text-align-center has-large-font-size\">Zde si m\u016f\u017eete vybrat z aktu\u00e1ln\u011b pl\u00e1novan\u00fdch kurz\u016f<\/p>\n\n\n\n<div class=\"wp-block-columns is-layout-flex wp-container-core-columns-is-layout-9d6595d7 wp-block-columns-is-layout-flex\">\n<div class=\"wp-block-column is-vertically-aligned-center is-layout-flow wp-block-column-is-layout-flow\">\n<div class=\"wp-block-button aligncenter\"><a class=\"wp-block-button__link has-vivid-red-background-color has-background wp-element-button\" href=\"https:\/\/zbrojak-hradec.cz\/?page_id=361\" style=\"border-radius:10px\">28.3.2026<\/a><\/div>\n<\/div>\n\n\n\n<div class=\"wp-block-column is-layout-flow wp-block-column-is-layout-flow\">\n<div class=\"wp-block-button aligncenter\"><a class=\"wp-block-button__link has-vivid-red-background-color has-background wp-element-button\" href=\"https:\/\/zbrojak-hradec.cz\/?page_id=587\" style=\"border-radius:10px\">16.5.2026<\/a><\/div>\n<\/div>\n\n\n\n<div class=\"wp-block-column is-vertically-aligned-center is-layout-flow wp-block-column-is-layout-flow\">\n<div class=\"wp-block-button aligncenter\"><a class=\"wp-block-button__link has-vivid-red-background-color has-background wp-element-button\" style=\"border-radius:10px\"> Bude dopln\u011bno <\/a><\/div>\n<\/div>\n<\/div>\n\n\n\n<p class=\"has-text-align-center has-large-font-size\"> Pokud chcete dost\u00e1vat informace o nov\u00fdch term\u00ednech do e- mailu, p\u0159ihlaste se pomoc\u00ed formul\u00e1\u0159e n\u00ed\u017ee.<\/p>\n\n\n\n<iframe loading=\"lazy\" src=\"https:\/\/docs.google.com\/forms\/d\/e\/1FAIpQLScnkLPaTeqFNWaGXTK7CTjPNUj0qg_A5bDCM_ycSl9V5uhlog\/viewform?embedded=true\" width=\"640\" height=\"574\" frameborder=\"0\" marginheight=\"0\" marginwidth=\"0\">Na\u010d\u00edt\u00e1n\u00ed\u2026<\/iframe>\n\n\n\n\n","protected":false},"excerpt":{"rendered":"<p>Zde si m\u016f\u017eete vybrat z aktu\u00e1ln\u011b pl\u00e1novan\u00fdch kurz\u016f Pokud chcete dost\u00e1vat informace o nov\u00fdch term\u00ednech do e- mailu, p\u0159ihlaste se pomoc\u00ed formul\u00e1\u0159e n\u00ed\u017ee. Na\u010d\u00edt\u00e1n\u00ed\u2026<\/p>\n","protected":false},"author":2,"featured_media":0,"parent":0,"menu_order":0,"comment_status":"closed","ping_status":"closed","template":"page-fullwidth.php","meta":{"_acf_changed":false,"footnotes":""},"tags":[],"class_list":["post-204","page","type-page","status-publish","hentry"],"acf":[],"yoast_head":"<!-- This site is optimized with the Yoast SEO plugin v25.3.1 - https:\/\/yoast.com\/wordpress\/plugins\/seo\/ -->\n<title>Kurzy - Zbroj\u00e1k Hradec Kr\u00e1lov\u00e9 - zbrojn\u00ed pr\u016fkazy<\/title>\n<meta name=\"robots\" content=\"index, follow, max-snippet:-1, max-image-preview:large, max-video-preview:-1\" \/>\n<link rel=\"canonical\" href=\"https:\/\/zbrojak-hradec.cz\/?page_id=204\" \/>\n<meta property=\"og:locale\" content=\"cs_CZ\" \/>\n<meta property=\"og:type\" content=\"article\" \/>\n<meta property=\"og:title\" content=\"Kurzy - Zbroj\u00e1k Hradec Kr\u00e1lov\u00e9 - zbrojn\u00ed pr\u016fkazy\" \/>\n<meta property=\"og:description\" content=\"Zde si m\u016f\u017eete vybrat z aktu\u00e1ln\u011b pl\u00e1novan\u00fdch kurz\u016f Pokud chcete dost\u00e1vat informace o nov\u00fdch term\u00ednech do e- mailu, p\u0159ihlaste se pomoc\u00ed formul\u00e1\u0159e n\u00ed\u017ee. Na\u010d\u00edt\u00e1n\u00ed\u2026\" \/>\n<meta property=\"og:url\" content=\"https:\/\/zbrojak-hradec.cz\/?page_id=204\" \/>\n<meta property=\"og:site_name\" content=\"Zbroj\u00e1k Hradec Kr\u00e1lov\u00e9 - zbrojn\u00ed pr\u016fkazy\" \/>\n<meta property=\"article:publisher\" content=\"https:\/\/www.facebook.com\/Zbroj%c3%a1k-Hradec-Kr%c3%a1lov%c3%a9-1187360928059073\/?fref=ts\" \/>\n<meta property=\"article:modified_time\" content=\"2026-03-26T22:53:41+00:00\" \/>\n<meta name=\"twitter:card\" content=\"summary_large_image\" \/>\n<meta name=\"twitter:label1\" content=\"Odhadovan\u00e1 doba \u010dten\u00ed\" \/>\n\t<meta name=\"twitter:data1\" content=\"1 minuta\" \/>\n<script type=\"application\/ld+json\" class=\"yoast-schema-graph\">{\"@context\":\"https:\/\/schema.org\",\"@graph\":[{\"@type\":\"WebPage\",\"@id\":\"https:\/\/zbrojak-hradec.cz\/?page_id=204\",\"url\":\"https:\/\/zbrojak-hradec.cz\/?page_id=204\",\"name\":\"Kurzy - Zbroj\u00e1k Hradec Kr\u00e1lov\u00e9 - zbrojn\u00ed pr\u016fkazy\",\"isPartOf\":{\"@id\":\"https:\/\/zbrojak-hradec.cz\/#website\"},\"datePublished\":\"2020-02-13T12:50:27+00:00\",\"dateModified\":\"2026-03-26T22:53:41+00:00\",\"breadcrumb\":{\"@id\":\"https:\/\/zbrojak-hradec.cz\/?page_id=204#breadcrumb\"},\"inLanguage\":\"cs\",\"potentialAction\":[{\"@type\":\"ReadAction\",\"target\":[\"https:\/\/zbrojak-hradec.cz\/?page_id=204\"]}]},{\"@type\":\"BreadcrumbList\",\"@id\":\"https:\/\/zbrojak-hradec.cz\/?page_id=204#breadcrumb\",\"itemListElement\":[{\"@type\":\"ListItem\",\"position\":1,\"name\":\"Dom\u016f\",\"item\":\"https:\/\/zbrojak-hradec.cz\/\"},{\"@type\":\"ListItem\",\"position\":2,\"name\":\"Kurzy\"}]},{\"@type\":\"WebSite\",\"@id\":\"https:\/\/zbrojak-hradec.cz\/#website\",\"url\":\"https:\/\/zbrojak-hradec.cz\/\",\"name\":\"Zbroj\u00e1k Hradec Kr\u00e1lov\u00e9 - zbrojn\u00ed pr\u016fkazy\",\"description\":\"Kurzy ke z\u00edsk\u00e1n\u00ed ZP v Hradci Kr\u00e1lov\u00e9 a okol\u00ed\",\"potentialAction\":[{\"@type\":\"SearchAction\",\"target\":{\"@type\":\"EntryPoint\",\"urlTemplate\":\"https:\/\/zbrojak-hradec.cz\/?s={search_term_string}\"},\"query-input\":{\"@type\":\"PropertyValueSpecification\",\"valueRequired\":true,\"valueName\":\"search_term_string\"}}],\"inLanguage\":\"cs\"}]}<\/script>\n<!-- \/ Yoast SEO plugin. -->","yoast_head_json":{"title":"Kurzy - Zbroj\u00e1k Hradec Kr\u00e1lov\u00e9 - zbrojn\u00ed pr\u016fkazy","robots":{"index":"index","follow":"follow","max-snippet":"max-snippet:-1","max-image-preview":"max-image-preview:large","max-video-preview":"max-video-preview:-1"},"canonical":"https:\/\/zbrojak-hradec.cz\/?page_id=204","og_locale":"cs_CZ","og_type":"article","og_title":"Kurzy - Zbroj\u00e1k Hradec Kr\u00e1lov\u00e9 - zbrojn\u00ed pr\u016fkazy","og_description":"Zde si m\u016f\u017eete vybrat z aktu\u00e1ln\u011b pl\u00e1novan\u00fdch kurz\u016f Pokud chcete dost\u00e1vat informace o nov\u00fdch term\u00ednech do e- mailu, p\u0159ihlaste se pomoc\u00ed formul\u00e1\u0159e n\u00ed\u017ee. Na\u010d\u00edt\u00e1n\u00ed\u2026","og_url":"https:\/\/zbrojak-hradec.cz\/?page_id=204","og_site_name":"Zbroj\u00e1k Hradec Kr\u00e1lov\u00e9 - zbrojn\u00ed pr\u016fkazy","article_publisher":"https:\/\/www.facebook.com\/Zbroj%c3%a1k-Hradec-Kr%c3%a1lov%c3%a9-1187360928059073\/?fref=ts","article_modified_time":"2026-03-26T22:53:41+00:00","twitter_card":"summary_large_image","twitter_misc":{"Odhadovan\u00e1 doba \u010dten\u00ed":"1 minuta"},"schema":{"@context":"https:\/\/schema.org","@graph":[{"@type":"WebPage","@id":"https:\/\/zbrojak-hradec.cz\/?page_id=204","url":"https:\/\/zbrojak-hradec.cz\/?page_id=204","name":"Kurzy - Zbroj\u00e1k Hradec Kr\u00e1lov\u00e9 - zbrojn\u00ed pr\u016fkazy","isPartOf":{"@id":"https:\/\/zbrojak-hradec.cz\/#website"},"datePublished":"2020-02-13T12:50:27+00:00","dateModified":"2026-03-26T22:53:41+00:00","breadcrumb":{"@id":"https:\/\/zbrojak-hradec.cz\/?page_id=204#breadcrumb"},"inLanguage":"cs","potentialAction":[{"@type":"ReadAction","target":["https:\/\/zbrojak-hradec.cz\/?page_id=204"]}]},{"@type":"BreadcrumbList","@id":"https:\/\/zbrojak-hradec.cz\/?page_id=204#breadcrumb","itemListElement":[{"@type":"ListItem","position":1,"name":"Dom\u016f","item":"https:\/\/zbrojak-hradec.cz\/"},{"@type":"ListItem","position":2,"name":"Kurzy"}]},{"@type":"WebSite","@id":"https:\/\/zbrojak-hradec.cz\/#website","url":"https:\/\/zbrojak-hradec.cz\/","name":"Zbroj\u00e1k Hradec Kr\u00e1lov\u00e9 - zbrojn\u00ed pr\u016fkazy","description":"Kurzy ke z\u00edsk\u00e1n\u00ed ZP v Hradci Kr\u00e1lov\u00e9 a okol\u00ed","potentialAction":[{"@type":"SearchAction","target":{"@type":"EntryPoint","urlTemplate":"https:\/\/zbrojak-hradec.cz\/?s={search_term_string}"},"query-input":{"@type":"PropertyValueSpecification","valueRequired":true,"valueName":"search_term_string"}}],"inLanguage":"cs"}]}},"_links":{"self":[{"href":"https:\/\/zbrojak-hradec.cz\/index.php?rest_route=\/wp\/v2\/pages\/204","targetHints":{"allow":["GET"]}}],"collection":[{"href":"https:\/\/zbrojak-hradec.cz\/index.php?rest_route=\/wp\/v2\/pages"}],"about":[{"href":"https:\/\/zbrojak-hradec.cz\/index.php?rest_route=\/wp\/v2\/types\/page"}],"author":[{"embeddable":true,"href":"https:\/\/zbrojak-hradec.cz\/index.php?rest_route=\/wp\/v2\/users\/2"}],"replies":[{"embeddable":true,"href":"https:\/\/zbrojak-hradec.cz\/index.php?rest_route=%2Fwp%2Fv2%2Fcomments&post=204"}],"version-history":[{"count":77,"href":"https:\/\/zbrojak-hradec.cz\/index.php?rest_route=\/wp\/v2\/pages\/204\/revisions"}],"predecessor-version":[{"id":605,"href":"https:\/\/zbrojak-hradec.cz\/index.php?rest_route=\/wp\/v2\/pages\/204\/revisions\/605"}],"wp:attachment":[{"href":"https:\/\/zbrojak-hradec.cz\/index.php?rest_route=%2Fwp%2Fv2%2Fmedia&parent=204"}],"wp:term":[{"taxonomy":"post_tag","embeddable":true,"href":"https:\/\/zbrojak-hradec.cz\/index.php?rest_route=%2Fwp%2Fv2%2Ftags&post=204"}],"curies":[{"name":"wp","href":"https:\/\/api.w.org\/{rel}","templated":true}]}}