{"id":230,"date":"2020-03-07T16:18:18","date_gmt":"2020-03-07T15:18:18","guid":{"rendered":"http:\/\/zbrojak-hradec.cz\/?page_id=230"},"modified":"2020-03-07T16:30:59","modified_gmt":"2020-03-07T15:30:59","slug":"dulezite-informace","status":"publish","type":"page","link":"https:\/\/zbrojak-hradec.cz\/?page_id=230","title":{"rendered":"D\u016fle\u017eit\u00e9 informace"},"content":{"rendered":"\n<div class=\"wp-block-columns is-layout-flex wp-container-core-columns-is-layout-9d6595d7 wp-block-columns-is-layout-flex\">\n<div class=\"wp-block-column is-layout-flow wp-block-column-is-layout-flow\">\n<div class=\"wp-block-button\"><a class=\"wp-block-button__link has-background has-vivid-red-background-color\" href=\"https:\/\/zbrojak-hradec.cz\/?page_id=37\" style=\"border-radius:5px\">Jak to prob\u00edh\u00e1?<\/a><\/div>\n<\/div>\n\n\n\n<div class=\"wp-block-column is-layout-flow wp-block-column-is-layout-flow\">\n<div class=\"wp-block-button\"><a class=\"wp-block-button__link has-background has-luminous-vivid-orange-background-color\" href=\"https:\/\/zbrojak-hradec.cz\/?page_id=35\" style=\"border-radius:5px\">Kolik zaplat\u00edm?<\/a><\/div>\n<\/div>\n\n\n\n<div class=\"wp-block-column is-layout-flow wp-block-column-is-layout-flow\">\n<div class=\"wp-block-button\"><a class=\"wp-block-button__link has-background has-luminous-vivid-amber-background-color\" href=\"https:\/\/zbrojak-hradec.cz\/?page_id=37\" style=\"border-radius:5px\">Jak se m\u016f\u017eu p\u0159ihl\u00e1sit?<\/a><\/div>\n<\/div>\n<\/div>\n\n\n\n<p class=\"has-text-align-center has-large-font-size\">M\u00e1me t\u00fdm zku\u0161en\u00fdch lektor\u016f, kte\u0159\u00ed vol\u00ed individu\u00e1ln\u00ed p\u0159\u00edstup ke ka\u017ed\u00e9mu z \u00fa\u010dastn\u00edk\u016f na\u0161ich kurz\u016f.<\/p>\n\n\n\n<div class=\"wp-block-image\"><figure class=\"aligncenter size-large is-resized\"><img loading=\"lazy\" decoding=\"async\" src=\"http:\/\/zbrojak-hradec.cz\/wp-content\/uploads\/2020\/03\/43574659_1717039355091225_2634182504394784768_n2.jpg\" alt=\"\" class=\"wp-image-231\" width=\"600\" height=\"359\"\/><\/figure><\/div>\n","protected":false},"excerpt":{"rendered":"<p>M\u00e1me t\u00fdm zku\u0161en\u00fdch lektor\u016f, kte\u0159\u00ed vol\u00ed individu\u00e1ln\u00ed p\u0159\u00edstup ke ka\u017ed\u00e9mu z \u00fa\u010dastn\u00edk\u016f na\u0161ich kurz\u016f.<\/p>\n","protected":false},"author":2,"featured_media":231,"parent":0,"menu_order":0,"comment_status":"closed","ping_status":"closed","template":"page-fullwidth.php","meta":{"_acf_changed":false,"footnotes":""},"tags":[],"class_list":["post-230","page","type-page","status-publish","has-post-thumbnail","hentry"],"acf":[],"yoast_head":"<!-- This site is optimized with the Yoast SEO plugin v25.3.1 - https:\/\/yoast.com\/wordpress\/plugins\/seo\/ -->\n<title>D\u016fle\u017eit\u00e9 informace - Zbroj\u00e1k Hradec Kr\u00e1lov\u00e9 - zbrojn\u00ed pr\u016fkazy<\/title>\n<meta name=\"robots\" content=\"index, follow, max-snippet:-1, max-image-preview:large, max-video-preview:-1\" \/>\n<link rel=\"canonical\" href=\"https:\/\/zbrojak-hradec.cz\/?page_id=230\" \/>\n<meta property=\"og:locale\" content=\"cs_CZ\" \/>\n<meta property=\"og:type\" content=\"article\" \/>\n<meta property=\"og:title\" content=\"D\u016fle\u017eit\u00e9 informace - Zbroj\u00e1k Hradec Kr\u00e1lov\u00e9 - zbrojn\u00ed pr\u016fkazy\" \/>\n<meta property=\"og:description\" content=\"M\u00e1me t\u00fdm zku\u0161en\u00fdch lektor\u016f, kte\u0159\u00ed vol\u00ed individu\u00e1ln\u00ed p\u0159\u00edstup ke ka\u017ed\u00e9mu z \u00fa\u010dastn\u00edk\u016f na\u0161ich kurz\u016f.\" \/>\n<meta property=\"og:url\" content=\"https:\/\/zbrojak-hradec.cz\/?page_id=230\" \/>\n<meta property=\"og:site_name\" content=\"Zbroj\u00e1k Hradec Kr\u00e1lov\u00e9 - zbrojn\u00ed pr\u016fkazy\" \/>\n<meta property=\"article:publisher\" content=\"https:\/\/www.facebook.com\/Zbroj%c3%a1k-Hradec-Kr%c3%a1lov%c3%a9-1187360928059073\/?fref=ts\" \/>\n<meta property=\"article:modified_time\" content=\"2020-03-07T15:30:59+00:00\" \/>\n<meta property=\"og:image\" content=\"http:\/\/zbrojak-hradec.cz\/wp-content\/uploads\/2020\/03\/43574659_1717039355091225_2634182504394784768_n2.jpg\" \/>\n\t<meta property=\"og:image:width\" content=\"800\" \/>\n\t<meta property=\"og:image:height\" content=\"479\" \/>\n\t<meta property=\"og:image:type\" content=\"image\/jpeg\" \/>\n<meta name=\"twitter:card\" content=\"summary_large_image\" \/>\n<script type=\"application\/ld+json\" class=\"yoast-schema-graph\">{\"@context\":\"https:\/\/schema.org\",\"@graph\":[{\"@type\":\"WebPage\",\"@id\":\"https:\/\/zbrojak-hradec.cz\/?page_id=230\",\"url\":\"https:\/\/zbrojak-hradec.cz\/?page_id=230\",\"name\":\"D\u016fle\u017eit\u00e9 informace - Zbroj\u00e1k Hradec Kr\u00e1lov\u00e9 - zbrojn\u00ed pr\u016fkazy\",\"isPartOf\":{\"@id\":\"https:\/\/zbrojak-hradec.cz\/#website\"},\"primaryImageOfPage\":{\"@id\":\"https:\/\/zbrojak-hradec.cz\/?page_id=230#primaryimage\"},\"image\":{\"@id\":\"https:\/\/zbrojak-hradec.cz\/?page_id=230#primaryimage\"},\"thumbnailUrl\":\"https:\/\/zbrojak-hradec.cz\/wp-content\/uploads\/2020\/03\/43574659_1717039355091225_2634182504394784768_n2.jpg\",\"datePublished\":\"2020-03-07T15:18:18+00:00\",\"dateModified\":\"2020-03-07T15:30:59+00:00\",\"breadcrumb\":{\"@id\":\"https:\/\/zbrojak-hradec.cz\/?page_id=230#breadcrumb\"},\"inLanguage\":\"cs\",\"potentialAction\":[{\"@type\":\"ReadAction\",\"target\":[\"https:\/\/zbrojak-hradec.cz\/?page_id=230\"]}]},{\"@type\":\"ImageObject\",\"inLanguage\":\"cs\",\"@id\":\"https:\/\/zbrojak-hradec.cz\/?page_id=230#primaryimage\",\"url\":\"https:\/\/zbrojak-hradec.cz\/wp-content\/uploads\/2020\/03\/43574659_1717039355091225_2634182504394784768_n2.jpg\",\"contentUrl\":\"https:\/\/zbrojak-hradec.cz\/wp-content\/uploads\/2020\/03\/43574659_1717039355091225_2634182504394784768_n2.jpg\",\"width\":800,\"height\":479},{\"@type\":\"BreadcrumbList\",\"@id\":\"https:\/\/zbrojak-hradec.cz\/?page_id=230#breadcrumb\",\"itemListElement\":[{\"@type\":\"ListItem\",\"position\":1,\"name\":\"Dom\u016f\",\"item\":\"https:\/\/zbrojak-hradec.cz\/\"},{\"@type\":\"ListItem\",\"position\":2,\"name\":\"D\u016fle\u017eit\u00e9 informace\"}]},{\"@type\":\"WebSite\",\"@id\":\"https:\/\/zbrojak-hradec.cz\/#website\",\"url\":\"https:\/\/zbrojak-hradec.cz\/\",\"name\":\"Zbroj\u00e1k Hradec Kr\u00e1lov\u00e9 - zbrojn\u00ed pr\u016fkazy\",\"description\":\"Kurzy ke z\u00edsk\u00e1n\u00ed ZP v Hradci Kr\u00e1lov\u00e9 a okol\u00ed\",\"potentialAction\":[{\"@type\":\"SearchAction\",\"target\":{\"@type\":\"EntryPoint\",\"urlTemplate\":\"https:\/\/zbrojak-hradec.cz\/?s={search_term_string}\"},\"query-input\":{\"@type\":\"PropertyValueSpecification\",\"valueRequired\":true,\"valueName\":\"search_term_string\"}}],\"inLanguage\":\"cs\"}]}<\/script>\n<!-- \/ Yoast SEO plugin. -->","yoast_head_json":{"title":"D\u016fle\u017eit\u00e9 informace - Zbroj\u00e1k Hradec Kr\u00e1lov\u00e9 - zbrojn\u00ed pr\u016fkazy","robots":{"index":"index","follow":"follow","max-snippet":"max-snippet:-1","max-image-preview":"max-image-preview:large","max-video-preview":"max-video-preview:-1"},"canonical":"https:\/\/zbrojak-hradec.cz\/?page_id=230","og_locale":"cs_CZ","og_type":"article","og_title":"D\u016fle\u017eit\u00e9 informace - Zbroj\u00e1k Hradec Kr\u00e1lov\u00e9 - zbrojn\u00ed pr\u016fkazy","og_description":"M\u00e1me t\u00fdm zku\u0161en\u00fdch lektor\u016f, kte\u0159\u00ed vol\u00ed individu\u00e1ln\u00ed p\u0159\u00edstup ke ka\u017ed\u00e9mu z \u00fa\u010dastn\u00edk\u016f na\u0161ich kurz\u016f.","og_url":"https:\/\/zbrojak-hradec.cz\/?page_id=230","og_site_name":"Zbroj\u00e1k Hradec Kr\u00e1lov\u00e9 - zbrojn\u00ed pr\u016fkazy","article_publisher":"https:\/\/www.facebook.com\/Zbroj%c3%a1k-Hradec-Kr%c3%a1lov%c3%a9-1187360928059073\/?fref=ts","article_modified_time":"2020-03-07T15:30:59+00:00","og_image":[{"width":800,"height":479,"url":"http:\/\/zbrojak-hradec.cz\/wp-content\/uploads\/2020\/03\/43574659_1717039355091225_2634182504394784768_n2.jpg","type":"image\/jpeg"}],"twitter_card":"summary_large_image","schema":{"@context":"https:\/\/schema.org","@graph":[{"@type":"WebPage","@id":"https:\/\/zbrojak-hradec.cz\/?page_id=230","url":"https:\/\/zbrojak-hradec.cz\/?page_id=230","name":"D\u016fle\u017eit\u00e9 informace - Zbroj\u00e1k Hradec Kr\u00e1lov\u00e9 - zbrojn\u00ed pr\u016fkazy","isPartOf":{"@id":"https:\/\/zbrojak-hradec.cz\/#website"},"primaryImageOfPage":{"@id":"https:\/\/zbrojak-hradec.cz\/?page_id=230#primaryimage"},"image":{"@id":"https:\/\/zbrojak-hradec.cz\/?page_id=230#primaryimage"},"thumbnailUrl":"https:\/\/zbrojak-hradec.cz\/wp-content\/uploads\/2020\/03\/43574659_1717039355091225_2634182504394784768_n2.jpg","datePublished":"2020-03-07T15:18:18+00:00","dateModified":"2020-03-07T15:30:59+00:00","breadcrumb":{"@id":"https:\/\/zbrojak-hradec.cz\/?page_id=230#breadcrumb"},"inLanguage":"cs","potentialAction":[{"@type":"ReadAction","target":["https:\/\/zbrojak-hradec.cz\/?page_id=230"]}]},{"@type":"ImageObject","inLanguage":"cs","@id":"https:\/\/zbrojak-hradec.cz\/?page_id=230#primaryimage","url":"https:\/\/zbrojak-hradec.cz\/wp-content\/uploads\/2020\/03\/43574659_1717039355091225_2634182504394784768_n2.jpg","contentUrl":"https:\/\/zbrojak-hradec.cz\/wp-content\/uploads\/2020\/03\/43574659_1717039355091225_2634182504394784768_n2.jpg","width":800,"height":479},{"@type":"BreadcrumbList","@id":"https:\/\/zbrojak-hradec.cz\/?page_id=230#breadcrumb","itemListElement":[{"@type":"ListItem","position":1,"name":"Dom\u016f","item":"https:\/\/zbrojak-hradec.cz\/"},{"@type":"ListItem","position":2,"name":"D\u016fle\u017eit\u00e9 informace"}]},{"@type":"WebSite","@id":"https:\/\/zbrojak-hradec.cz\/#website","url":"https:\/\/zbrojak-hradec.cz\/","name":"Zbroj\u00e1k Hradec Kr\u00e1lov\u00e9 - zbrojn\u00ed pr\u016fkazy","description":"Kurzy ke z\u00edsk\u00e1n\u00ed ZP v Hradci Kr\u00e1lov\u00e9 a okol\u00ed","potentialAction":[{"@type":"SearchAction","target":{"@type":"EntryPoint","urlTemplate":"https:\/\/zbrojak-hradec.cz\/?s={search_term_string}"},"query-input":{"@type":"PropertyValueSpecification","valueRequired":true,"valueName":"search_term_string"}}],"inLanguage":"cs"}]}},"_links":{"self":[{"href":"https:\/\/zbrojak-hradec.cz\/index.php?rest_route=\/wp\/v2\/pages\/230","targetHints":{"allow":["GET"]}}],"collection":[{"href":"https:\/\/zbrojak-hradec.cz\/index.php?rest_route=\/wp\/v2\/pages"}],"about":[{"href":"https:\/\/zbrojak-hradec.cz\/index.php?rest_route=\/wp\/v2\/types\/page"}],"author":[{"embeddable":true,"href":"https:\/\/zbrojak-hradec.cz\/index.php?rest_route=\/wp\/v2\/users\/2"}],"replies":[{"embeddable":true,"href":"https:\/\/zbrojak-hradec.cz\/index.php?rest_route=%2Fwp%2Fv2%2Fcomments&post=230"}],"version-history":[{"count":17,"href":"https:\/\/zbrojak-hradec.cz\/index.php?rest_route=\/wp\/v2\/pages\/230\/revisions"}],"predecessor-version":[{"id":250,"href":"https:\/\/zbrojak-hradec.cz\/index.php?rest_route=\/wp\/v2\/pages\/230\/revisions\/250"}],"wp:featuredmedia":[{"embeddable":true,"href":"https:\/\/zbrojak-hradec.cz\/index.php?rest_route=\/wp\/v2\/media\/231"}],"wp:attachment":[{"href":"https:\/\/zbrojak-hradec.cz\/index.php?rest_route=%2Fwp%2Fv2%2Fmedia&parent=230"}],"wp:term":[{"taxonomy":"post_tag","embeddable":true,"href":"https:\/\/zbrojak-hradec.cz\/index.php?rest_route=%2Fwp%2Fv2%2Ftags&post=230"}],"curies":[{"name":"wp","href":"https:\/\/api.w.org\/{rel}","templated":true}]}}