{"id":361,"date":"2021-10-08T09:54:46","date_gmt":"2021-10-08T07:54:46","guid":{"rendered":"https:\/\/zbrojak-hradec.cz\/?page_id=361"},"modified":"2026-03-26T23:26:40","modified_gmt":"2026-03-26T22:26:40","slug":"registrace-do-kurzu-13-11-2021","status":"publish","type":"page","link":"https:\/\/zbrojak-hradec.cz\/?page_id=361","title":{"rendered":"Registrace do kurzu 28. 3. 2026"},"content":{"rendered":"\n\n\n<p class=\"has-large-font-size\">Pokud m\u00e1te d\u00e1rkov\u00fd poukaz, vlo\u017ete jeho k\u00f3d do pol\u00ed\u010dka &#8222;Slevov\u00fd k\u00f3d&#8220;.<\/p>\n\n\n\n<div class=\"zbrojakhk-wrapper\" id=\"zbrojakhk-1\" data-course-key=\"kurz-28-3-2026\" data-course-name=\"Kurz 28.3.2026\" data-course-price=\"2800\">\n    <div class=\"zbrojakhk-header\">\n        <h2>Kurz 28.3.2026<\/h2>\n        <p>P\u0159ihl\u00e1\u0161ka na kurz<\/p>\n                    <div class=\"zbrojakhk-course-details\">\n                                    <span>P\u0159ihl\u00e1\u0161ka a platba<\/span>\n                                                    <span>Term\u00edn: 28.3.2026<\/span>\n                                                    <span>M\u00edsto: \u010ceskoslovensk\u00e9 arm\u00e1dy 543, 500 03 Hradec Kr\u00e1lov\u00e9 suter\u00e9n<\/span>\n                                                    <span>D\u00e9lka: 13:15 - 20:00<\/span>\n                                                                        <span>Obsazenost: 16\/20<\/span>\n                            <\/div>\n            <\/div>\n\n    <div class=\"zbrojakhk-body\">\n\n        <!-- FORMUL\u00c1\u0158 -->\n        <div class=\"zbrojakhk-form\" data-role=\"form\">\n            <div class=\"zbrojakhk-field\">\n                <label>Jm\u00e9no a p\u0159\u00edjmen\u00ed *<\/label>\n                <input type=\"text\" data-field=\"name\" required placeholder=\"Jana Nov\u00e1kov\u00e1\">\n            <\/div>\n\n            <div class=\"zbrojakhk-field\">\n                <label>E-mail *<\/label>\n                <input type=\"email\" data-field=\"email\" required placeholder=\"jana@email.cz\">\n            <\/div>\n\n            <div class=\"zbrojakhk-field\">\n                <label>Telefon *<\/label>\n                <input type=\"tel\" data-field=\"phone\" required placeholder=\"+420 123 456 789\">\n            <\/div>\n\n            <!-- SLEVOV\u00dd K\u00d3D -->\n            <div class=\"zbrojakhk-field\">\n                <label>Slevov\u00fd k\u00f3d<\/label>\n                <div class=\"zbrojakhk-discount-row\">\n                    <input type=\"text\" data-field=\"discount\" placeholder=\"nap\u0159. KZPHK-SLEVA\" style=\"text-transform:uppercase;\">\n                    <button type=\"button\" class=\"zbrojakhk-btn-discount\" data-action=\"verify-discount\">Ov\u011b\u0159it<\/button>\n                <\/div>\n                <div class=\"zbrojakhk-discount-status\" data-role=\"discount-status\"><\/div>\n            <\/div>\n\n            <div class=\"zbrojakhk-notice\">\n                Bez \u00fahrady v\u00e1m m\u00edsto na kurzu nerezervujeme.\n            <\/div>\n\n            <div class=\"zbrojakhk-price-box\">\n                <div class=\"price\" data-role=\"price-display\">2 800 K\u010d<\/div>\n                <div class=\"price-label\">Cena kurzu<\/div>\n                <div class=\"zbrojakhk-discount-info\" data-role=\"discount-info\" style=\"display:none;\">\n                    <span class=\"zbrojakhk-original-price\" data-role=\"original-price\"><\/span>\n                    <span class=\"zbrojakhk-discount-badge\" data-role=\"discount-badge\"><\/span>\n                <\/div>\n            <\/div>\n\n            <button type=\"button\" class=\"zbrojakhk-btn\" data-action=\"submit\">\n                P\u0159ej\u00edt k platb\u011b\n            <\/button>\n\n            <p class=\"zbrojakhk-gdpr\">\n                Odesl\u00e1n\u00edm souhlas\u00edte se zpracov\u00e1n\u00edm osobn\u00edch \u00fadaj\u016f za \u00fa\u010delem organizace kurzu.\n            <\/p>\n        <\/div>\n\n        <!-- POTVRZEN\u00cd (obsah se napln\u00ed dynamicky z JS) -->\n        <div class=\"zbrojakhk-payment\" data-role=\"payment\"><\/div>\n\n    <\/div>\n<\/div>\n\n\n\n\n\n\n<div class=\"wp-block-buttons is-layout-flex wp-block-buttons-is-layout-flex\">\n<div class=\"wp-block-button has-custom-width wp-block-button__width-100\"><a class=\"wp-block-button__link wp-element-button\" href=\"https:\/\/zbrojak-hradec.cz\/?page_id=571\">Obchodn\u00ed podm\u00ednky<\/a><\/div>\n<\/div>\n\n\n","protected":false},"excerpt":{"rendered":"<p>Pokud m\u00e1te d\u00e1rkov\u00fd poukaz, vlo\u017ete jeho k\u00f3d do pol\u00ed\u010dka &#8222;Slevov\u00fd k\u00f3d&#8220;.<\/p>\n","protected":false},"author":2,"featured_media":0,"parent":0,"menu_order":0,"comment_status":"closed","ping_status":"closed","template":"","meta":{"_acf_changed":false,"footnotes":""},"tags":[],"class_list":["post-361","page","type-page","status-publish","hentry"],"acf":[],"yoast_head":"<!-- This site is optimized with the Yoast SEO plugin v25.3.1 - https:\/\/yoast.com\/wordpress\/plugins\/seo\/ -->\n<title>Registrace do kurzu 28. 3. 2026 - Zbroj\u00e1k Hradec Kr\u00e1lov\u00e9 - zbrojn\u00ed pr\u016fkazy<\/title>\n<meta name=\"robots\" content=\"index, follow, max-snippet:-1, max-image-preview:large, max-video-preview:-1\" \/>\n<link rel=\"canonical\" href=\"https:\/\/zbrojak-hradec.cz\/?page_id=361\" \/>\n<meta property=\"og:locale\" content=\"cs_CZ\" \/>\n<meta property=\"og:type\" content=\"article\" \/>\n<meta property=\"og:title\" content=\"Registrace do kurzu 28. 3. 2026 - Zbroj\u00e1k Hradec Kr\u00e1lov\u00e9 - zbrojn\u00ed pr\u016fkazy\" \/>\n<meta property=\"og:description\" content=\"Pokud m\u00e1te d\u00e1rkov\u00fd poukaz, vlo\u017ete jeho k\u00f3d do pol\u00ed\u010dka &#8222;Slevov\u00fd k\u00f3d&#8220;.\" \/>\n<meta property=\"og:url\" content=\"https:\/\/zbrojak-hradec.cz\/?page_id=361\" \/>\n<meta property=\"og:site_name\" content=\"Zbroj\u00e1k Hradec Kr\u00e1lov\u00e9 - zbrojn\u00ed pr\u016fkazy\" \/>\n<meta property=\"article:publisher\" content=\"https:\/\/www.facebook.com\/Zbroj%c3%a1k-Hradec-Kr%c3%a1lov%c3%a9-1187360928059073\/?fref=ts\" \/>\n<meta property=\"article:modified_time\" content=\"2026-03-26T22:26:40+00:00\" \/>\n<meta name=\"twitter:card\" content=\"summary_large_image\" \/>\n<meta name=\"twitter:label1\" content=\"Odhadovan\u00e1 doba \u010dten\u00ed\" \/>\n\t<meta name=\"twitter:data1\" content=\"1 minuta\" \/>\n<script type=\"application\/ld+json\" class=\"yoast-schema-graph\">{\"@context\":\"https:\/\/schema.org\",\"@graph\":[{\"@type\":\"WebPage\",\"@id\":\"https:\/\/zbrojak-hradec.cz\/?page_id=361\",\"url\":\"https:\/\/zbrojak-hradec.cz\/?page_id=361\",\"name\":\"Registrace do kurzu 28. 3. 2026 - Zbroj\u00e1k Hradec Kr\u00e1lov\u00e9 - zbrojn\u00ed pr\u016fkazy\",\"isPartOf\":{\"@id\":\"https:\/\/zbrojak-hradec.cz\/#website\"},\"datePublished\":\"2021-10-08T07:54:46+00:00\",\"dateModified\":\"2026-03-26T22:26:40+00:00\",\"breadcrumb\":{\"@id\":\"https:\/\/zbrojak-hradec.cz\/?page_id=361#breadcrumb\"},\"inLanguage\":\"cs\",\"potentialAction\":[{\"@type\":\"ReadAction\",\"target\":[\"https:\/\/zbrojak-hradec.cz\/?page_id=361\"]}]},{\"@type\":\"BreadcrumbList\",\"@id\":\"https:\/\/zbrojak-hradec.cz\/?page_id=361#breadcrumb\",\"itemListElement\":[{\"@type\":\"ListItem\",\"position\":1,\"name\":\"Dom\u016f\",\"item\":\"https:\/\/zbrojak-hradec.cz\/\"},{\"@type\":\"ListItem\",\"position\":2,\"name\":\"Registrace do kurzu 28. 3. 2026\"}]},{\"@type\":\"WebSite\",\"@id\":\"https:\/\/zbrojak-hradec.cz\/#website\",\"url\":\"https:\/\/zbrojak-hradec.cz\/\",\"name\":\"Zbroj\u00e1k Hradec Kr\u00e1lov\u00e9 - zbrojn\u00ed pr\u016fkazy\",\"description\":\"Kurzy ke z\u00edsk\u00e1n\u00ed ZP v Hradci Kr\u00e1lov\u00e9 a okol\u00ed\",\"potentialAction\":[{\"@type\":\"SearchAction\",\"target\":{\"@type\":\"EntryPoint\",\"urlTemplate\":\"https:\/\/zbrojak-hradec.cz\/?s={search_term_string}\"},\"query-input\":{\"@type\":\"PropertyValueSpecification\",\"valueRequired\":true,\"valueName\":\"search_term_string\"}}],\"inLanguage\":\"cs\"}]}<\/script>\n<!-- \/ Yoast SEO plugin. -->","yoast_head_json":{"title":"Registrace do kurzu 28. 3. 2026 - Zbroj\u00e1k Hradec Kr\u00e1lov\u00e9 - zbrojn\u00ed pr\u016fkazy","robots":{"index":"index","follow":"follow","max-snippet":"max-snippet:-1","max-image-preview":"max-image-preview:large","max-video-preview":"max-video-preview:-1"},"canonical":"https:\/\/zbrojak-hradec.cz\/?page_id=361","og_locale":"cs_CZ","og_type":"article","og_title":"Registrace do kurzu 28. 3. 2026 - Zbroj\u00e1k Hradec Kr\u00e1lov\u00e9 - zbrojn\u00ed pr\u016fkazy","og_description":"Pokud m\u00e1te d\u00e1rkov\u00fd poukaz, vlo\u017ete jeho k\u00f3d do pol\u00ed\u010dka &#8222;Slevov\u00fd k\u00f3d&#8220;.","og_url":"https:\/\/zbrojak-hradec.cz\/?page_id=361","og_site_name":"Zbroj\u00e1k Hradec Kr\u00e1lov\u00e9 - zbrojn\u00ed pr\u016fkazy","article_publisher":"https:\/\/www.facebook.com\/Zbroj%c3%a1k-Hradec-Kr%c3%a1lov%c3%a9-1187360928059073\/?fref=ts","article_modified_time":"2026-03-26T22:26:40+00:00","twitter_card":"summary_large_image","twitter_misc":{"Odhadovan\u00e1 doba \u010dten\u00ed":"1 minuta"},"schema":{"@context":"https:\/\/schema.org","@graph":[{"@type":"WebPage","@id":"https:\/\/zbrojak-hradec.cz\/?page_id=361","url":"https:\/\/zbrojak-hradec.cz\/?page_id=361","name":"Registrace do kurzu 28. 3. 2026 - Zbroj\u00e1k Hradec Kr\u00e1lov\u00e9 - zbrojn\u00ed pr\u016fkazy","isPartOf":{"@id":"https:\/\/zbrojak-hradec.cz\/#website"},"datePublished":"2021-10-08T07:54:46+00:00","dateModified":"2026-03-26T22:26:40+00:00","breadcrumb":{"@id":"https:\/\/zbrojak-hradec.cz\/?page_id=361#breadcrumb"},"inLanguage":"cs","potentialAction":[{"@type":"ReadAction","target":["https:\/\/zbrojak-hradec.cz\/?page_id=361"]}]},{"@type":"BreadcrumbList","@id":"https:\/\/zbrojak-hradec.cz\/?page_id=361#breadcrumb","itemListElement":[{"@type":"ListItem","position":1,"name":"Dom\u016f","item":"https:\/\/zbrojak-hradec.cz\/"},{"@type":"ListItem","position":2,"name":"Registrace do kurzu 28. 3. 2026"}]},{"@type":"WebSite","@id":"https:\/\/zbrojak-hradec.cz\/#website","url":"https:\/\/zbrojak-hradec.cz\/","name":"Zbroj\u00e1k Hradec Kr\u00e1lov\u00e9 - zbrojn\u00ed pr\u016fkazy","description":"Kurzy ke z\u00edsk\u00e1n\u00ed ZP v Hradci Kr\u00e1lov\u00e9 a okol\u00ed","potentialAction":[{"@type":"SearchAction","target":{"@type":"EntryPoint","urlTemplate":"https:\/\/zbrojak-hradec.cz\/?s={search_term_string}"},"query-input":{"@type":"PropertyValueSpecification","valueRequired":true,"valueName":"search_term_string"}}],"inLanguage":"cs"}]}},"_links":{"self":[{"href":"https:\/\/zbrojak-hradec.cz\/index.php?rest_route=\/wp\/v2\/pages\/361","targetHints":{"allow":["GET"]}}],"collection":[{"href":"https:\/\/zbrojak-hradec.cz\/index.php?rest_route=\/wp\/v2\/pages"}],"about":[{"href":"https:\/\/zbrojak-hradec.cz\/index.php?rest_route=\/wp\/v2\/types\/page"}],"author":[{"embeddable":true,"href":"https:\/\/zbrojak-hradec.cz\/index.php?rest_route=\/wp\/v2\/users\/2"}],"replies":[{"embeddable":true,"href":"https:\/\/zbrojak-hradec.cz\/index.php?rest_route=%2Fwp%2Fv2%2Fcomments&post=361"}],"version-history":[{"count":13,"href":"https:\/\/zbrojak-hradec.cz\/index.php?rest_route=\/wp\/v2\/pages\/361\/revisions"}],"predecessor-version":[{"id":603,"href":"https:\/\/zbrojak-hradec.cz\/index.php?rest_route=\/wp\/v2\/pages\/361\/revisions\/603"}],"wp:attachment":[{"href":"https:\/\/zbrojak-hradec.cz\/index.php?rest_route=%2Fwp%2Fv2%2Fmedia&parent=361"}],"wp:term":[{"taxonomy":"post_tag","embeddable":true,"href":"https:\/\/zbrojak-hradec.cz\/index.php?rest_route=%2Fwp%2Fv2%2Ftags&post=361"}],"curies":[{"name":"wp","href":"https:\/\/api.w.org\/{rel}","templated":true}]}}