{"id":37,"date":"2017-04-25T13:01:23","date_gmt":"2017-04-25T11:01:23","guid":{"rendered":"http:\/\/zbrojak-hradec.cz\/?page_id=37"},"modified":"2026-03-16T13:04:27","modified_gmt":"2026-03-16T12:04:27","slug":"se-muzu-prihlasit","status":"publish","type":"page","link":"https:\/\/zbrojak-hradec.cz\/?page_id=37","title":{"rendered":"Jak se m\u016f\u017eu p\u0159ihl\u00e1sit?"},"content":{"rendered":"<p>Abyste mohli z\u00edskat zbrojn\u00ed opr\u00e1vn\u011bn\u00ed, mus\u00edte spl\u0148ovat n\u00e1sleduj\u00edc\u00ed po\u017eadavky dan\u00e9 z\u00e1konem \u010d. 90\/2024 Sb.<\/p>\n<p><strong>Mus\u00edte m\u00edt dostate\u010dn\u00fd v\u011bk<\/strong><br \/>\nPro <a href=\"http:\/\/zbrojak-hradec.cz\/?page_id=65\">obecn\u00e9 zbrojn\u00ed opr\u00e1vn\u011bn\u00ed<\/a> v\u011bk minim\u00e1ln\u011b <strong>18 let<\/strong> (v\u00fdjimky pro \u017e\u00e1ky odborn\u00fdch \u0161kol a \u010dleny sportovn\u011b-st\u0159eleck\u00fdch spolk\u016f od 15 let).<br \/>\nPro <a href=\"http:\/\/zbrojak-hradec.cz\/?page_id=65\">roz\u0161\u00ed\u0159en\u00e9 zbrojn\u00ed opr\u00e1vn\u011bn\u00ed<\/a> (umo\u017e\u0148uje skryt\u00e9 no\u0161en\u00ed zbran\u011b) v\u011bk minim\u00e1ln\u011b <strong>21 let<\/strong>.<\/p>\n<p><strong>Mus\u00edte b\u00fdt zdravotn\u011b zp\u016fsobil\u00ed<\/strong><br \/>\nK z\u00edsk\u00e1n\u00ed zbrojn\u00edho opr\u00e1vn\u011bn\u00ed mus\u00edte b\u00fdt v p\u0159im\u011b\u0159en\u00e9m zdravotn\u00edm stavu. Pot\u0159ebujete l\u00e9ka\u0159sk\u00fd posudek od sv\u00e9ho praktick\u00e9ho l\u00e9ka\u0159e. Zdravotn\u00ed zp\u016fsobilost se nov\u011b dokl\u00e1d\u00e1 ka\u017ed\u00fdch 5 let. (<a href=\"http:\/\/zbrojak-hradec.cz\/?page_id=52\">Odpov\u011bdi na \u010dast\u00e9 dotazy<\/a>)<\/p>\n<p><strong>Mus\u00edte b\u00fdt bez\u00fahonn\u00ed<\/strong><br \/>\nBez\u00fahonnost zaji\u0161\u0165uje, aby zbrojn\u00ed opr\u00e1vn\u011bn\u00ed nemohla z\u00edskat osoba, kter\u00e1 se v minulosti dopustila z\u00e1va\u017en\u00e9 trestn\u00e9 \u010dinnosti.<\/p>\n<p><strong>Mus\u00edte b\u00fdt spolehliv\u00ed<\/strong><br \/>\nPo\u017eadavek na spolehlivost br\u00e1n\u00ed z\u00edskat zbrojn\u00ed opr\u00e1vn\u011bn\u00ed osob\u00e1m, kter\u00e9 nap\u0159. nadm\u011brn\u011b pij\u00ed alkohol, po\u017e\u00edvaj\u00ed drogy nebo se opakovan\u011b dopou\u0161t\u00ed z\u00e1va\u017en\u011bj\u0161\u00edch p\u0159estupk\u016f.<\/p>\n<h3>V\u0161e spl\u0148uji, co te\u010f?<\/h3>\n<p>Te\u010f je to jednoduch\u00e9. Vypl\u0148te a ode\u0161lete online <a href=\"http:\/\/zbrojak-hradec.cz\/?page_id=49\">registra\u010dn\u00ed formul\u00e1\u0159<\/a> a dostavte se v\u010das na <a href=\"http:\/\/zbrojak-hradec.cz\/?page_id=67\">zah\u00e1jen\u00ed nov\u00e9ho kurzu<\/a>. V p\u0159\u00edpad\u011b nejasnost\u00ed n\u00e1s kontaktujte a my v\u00e1m ve\u0161ker\u00e9 podrobnosti r\u00e1di sd\u011bl\u00edme.<\/p>\n<a href=\"http:\/\/zbrojak-hradec.cz\/?page_id=4\" class=\"su-button su-button-style-default\" style=\"color:#FFFFFF;background-color:#DD3333;border-color:#b12929;border-radius:10px\" target=\"_self\"><span style=\"color:#FFFFFF;padding:8px 26px;font-size:20px;line-height:30px;border-color:#e87171;border-radius:10px;text-shadow:none\"><i class=\"sui sui-graduation-cap\" style=\"font-size:20px;color:#ffffff\"><\/i> Jak kurz prob\u00edh\u00e1<\/span><\/a> <a href=\"http:\/\/zbrojak-hradec.cz\/?page_id=35\" class=\"su-button su-button-style-default\" style=\"color:#FFFFFF;background-color:#DD3333;border-color:#b12929;border-radius:10px\" target=\"_self\"><span style=\"color:#FFFFFF;padding:8px 26px;font-size:20px;line-height:30px;border-color:#e87171;border-radius:10px;text-shadow:none\"><i class=\"sui sui-dollar\" style=\"font-size:20px;color:#ffffff\"><\/i> Kolik to stoj\u00ed<\/span><\/a> <a href=\"https:\/\/zbrojak-hradec.cz\/?page_id=204\" class=\"su-button su-button-style-default\" style=\"color:#FFFFFF;background-color:#52BE82;border-color:#429868;border-radius:10px\" target=\"_self\"><span style=\"color:#FFFFFF;padding:8px 26px;font-size:20px;line-height:30px;border-color:#86d2a8;border-radius:10px;text-shadow:none\"><i class=\"sui sui-paper-plane\" style=\"font-size:20px;color:#ffffff\"><\/i> P\u0159ihl\u00e1\u0161ka do kurzu<\/span><\/a>\n","protected":false},"excerpt":{"rendered":"<p>Abyste mohli z\u00edskat zbrojn\u00ed opr\u00e1vn\u011bn\u00ed, mus\u00edte spl\u0148ovat n\u00e1sleduj\u00edc\u00ed po\u017eadavky dan\u00e9 z\u00e1konem \u010d. 90\/2024 Sb. Mus\u00edte m\u00edt dostate\u010dn\u00fd v\u011bk Pro obecn\u00e9 zbrojn\u00ed opr\u00e1vn\u011bn\u00ed v\u011bk minim\u00e1ln\u011b 18 let (v\u00fdjimky pro \u017e\u00e1ky odborn\u00fdch [&hellip;]<\/p>\n","protected":false},"author":1,"featured_media":0,"parent":0,"menu_order":0,"comment_status":"closed","ping_status":"closed","template":"page-fullwidth.php","meta":{"_acf_changed":false,"footnotes":""},"tags":[16,17,18,19,21,20,7,8],"class_list":["post-37","page","type-page","status-publish","hentry","tag-bezuhonnost","tag-kurz-zp","tag-prihlaska","tag-spolehlivost","tag-zborjni-prukaz-hradec-kralove","tag-zbrojak-hradec","tag-zbrojni-pas","tag-zbrojni-prukaz"],"acf":[],"yoast_head":"<!-- This site is optimized with the Yoast SEO plugin v25.3.1 - https:\/\/yoast.com\/wordpress\/plugins\/seo\/ -->\n<title>Jak se m\u016f\u017eu p\u0159ihl\u00e1sit? - Zbroj\u00e1k Hradec Kr\u00e1lov\u00e9 - zbrojn\u00ed pr\u016fkazy<\/title>\n<meta name=\"robots\" content=\"index, follow, max-snippet:-1, max-image-preview:large, max-video-preview:-1\" \/>\n<link rel=\"canonical\" href=\"http:\/\/zbrojak-hradec.cz\/?page_id=37\" \/>\n<meta property=\"og:locale\" content=\"cs_CZ\" \/>\n<meta property=\"og:type\" content=\"article\" \/>\n<meta property=\"og:title\" content=\"Jak se m\u016f\u017eu p\u0159ihl\u00e1sit? - Zbroj\u00e1k Hradec Kr\u00e1lov\u00e9 - zbrojn\u00ed pr\u016fkazy\" \/>\n<meta property=\"og:description\" content=\"Abyste mohli z\u00edskat zbrojn\u00ed opr\u00e1vn\u011bn\u00ed, mus\u00edte spl\u0148ovat n\u00e1sleduj\u00edc\u00ed po\u017eadavky dan\u00e9 z\u00e1konem \u010d. 90\/2024 Sb. Mus\u00edte m\u00edt dostate\u010dn\u00fd v\u011bk Pro obecn\u00e9 zbrojn\u00ed opr\u00e1vn\u011bn\u00ed v\u011bk minim\u00e1ln\u011b 18 let (v\u00fdjimky pro \u017e\u00e1ky odborn\u00fdch [&hellip;]\" \/>\n<meta property=\"og:url\" content=\"http:\/\/zbrojak-hradec.cz\/?page_id=37\" \/>\n<meta property=\"og:site_name\" content=\"Zbroj\u00e1k Hradec Kr\u00e1lov\u00e9 - zbrojn\u00ed pr\u016fkazy\" \/>\n<meta property=\"article:publisher\" content=\"https:\/\/www.facebook.com\/Zbroj%c3%a1k-Hradec-Kr%c3%a1lov%c3%a9-1187360928059073\/?fref=ts\" \/>\n<meta property=\"article:modified_time\" content=\"2026-03-16T12:04:27+00:00\" \/>\n<meta name=\"twitter:card\" content=\"summary_large_image\" \/>\n<meta name=\"twitter:label1\" content=\"Odhadovan\u00e1 doba \u010dten\u00ed\" \/>\n\t<meta name=\"twitter:data1\" content=\"2 minuty\" \/>\n<script type=\"application\/ld+json\" class=\"yoast-schema-graph\">{\"@context\":\"https:\/\/schema.org\",\"@graph\":[{\"@type\":\"WebPage\",\"@id\":\"http:\/\/zbrojak-hradec.cz\/?page_id=37\",\"url\":\"http:\/\/zbrojak-hradec.cz\/?page_id=37\",\"name\":\"Jak se m\u016f\u017eu p\u0159ihl\u00e1sit? - Zbroj\u00e1k Hradec Kr\u00e1lov\u00e9 - zbrojn\u00ed pr\u016fkazy\",\"isPartOf\":{\"@id\":\"https:\/\/zbrojak-hradec.cz\/#website\"},\"datePublished\":\"2017-04-25T11:01:23+00:00\",\"dateModified\":\"2026-03-16T12:04:27+00:00\",\"breadcrumb\":{\"@id\":\"http:\/\/zbrojak-hradec.cz\/?page_id=37#breadcrumb\"},\"inLanguage\":\"cs\",\"potentialAction\":[{\"@type\":\"ReadAction\",\"target\":[\"http:\/\/zbrojak-hradec.cz\/?page_id=37\"]}]},{\"@type\":\"BreadcrumbList\",\"@id\":\"http:\/\/zbrojak-hradec.cz\/?page_id=37#breadcrumb\",\"itemListElement\":[{\"@type\":\"ListItem\",\"position\":1,\"name\":\"Dom\u016f\",\"item\":\"https:\/\/zbrojak-hradec.cz\/\"},{\"@type\":\"ListItem\",\"position\":2,\"name\":\"Jak se m\u016f\u017eu p\u0159ihl\u00e1sit?\"}]},{\"@type\":\"WebSite\",\"@id\":\"https:\/\/zbrojak-hradec.cz\/#website\",\"url\":\"https:\/\/zbrojak-hradec.cz\/\",\"name\":\"Zbroj\u00e1k Hradec Kr\u00e1lov\u00e9 - zbrojn\u00ed pr\u016fkazy\",\"description\":\"Kurzy ke z\u00edsk\u00e1n\u00ed ZP v Hradci Kr\u00e1lov\u00e9 a okol\u00ed\",\"potentialAction\":[{\"@type\":\"SearchAction\",\"target\":{\"@type\":\"EntryPoint\",\"urlTemplate\":\"https:\/\/zbrojak-hradec.cz\/?s={search_term_string}\"},\"query-input\":{\"@type\":\"PropertyValueSpecification\",\"valueRequired\":true,\"valueName\":\"search_term_string\"}}],\"inLanguage\":\"cs\"}]}<\/script>\n<!-- \/ Yoast SEO plugin. -->","yoast_head_json":{"title":"Jak se m\u016f\u017eu p\u0159ihl\u00e1sit? - Zbroj\u00e1k Hradec Kr\u00e1lov\u00e9 - zbrojn\u00ed pr\u016fkazy","robots":{"index":"index","follow":"follow","max-snippet":"max-snippet:-1","max-image-preview":"max-image-preview:large","max-video-preview":"max-video-preview:-1"},"canonical":"http:\/\/zbrojak-hradec.cz\/?page_id=37","og_locale":"cs_CZ","og_type":"article","og_title":"Jak se m\u016f\u017eu p\u0159ihl\u00e1sit? - Zbroj\u00e1k Hradec Kr\u00e1lov\u00e9 - zbrojn\u00ed pr\u016fkazy","og_description":"Abyste mohli z\u00edskat zbrojn\u00ed opr\u00e1vn\u011bn\u00ed, mus\u00edte spl\u0148ovat n\u00e1sleduj\u00edc\u00ed po\u017eadavky dan\u00e9 z\u00e1konem \u010d. 90\/2024 Sb. Mus\u00edte m\u00edt dostate\u010dn\u00fd v\u011bk Pro obecn\u00e9 zbrojn\u00ed opr\u00e1vn\u011bn\u00ed v\u011bk minim\u00e1ln\u011b 18 let (v\u00fdjimky pro \u017e\u00e1ky odborn\u00fdch [&hellip;]","og_url":"http:\/\/zbrojak-hradec.cz\/?page_id=37","og_site_name":"Zbroj\u00e1k Hradec Kr\u00e1lov\u00e9 - zbrojn\u00ed pr\u016fkazy","article_publisher":"https:\/\/www.facebook.com\/Zbroj%c3%a1k-Hradec-Kr%c3%a1lov%c3%a9-1187360928059073\/?fref=ts","article_modified_time":"2026-03-16T12:04:27+00:00","twitter_card":"summary_large_image","twitter_misc":{"Odhadovan\u00e1 doba \u010dten\u00ed":"2 minuty"},"schema":{"@context":"https:\/\/schema.org","@graph":[{"@type":"WebPage","@id":"http:\/\/zbrojak-hradec.cz\/?page_id=37","url":"http:\/\/zbrojak-hradec.cz\/?page_id=37","name":"Jak se m\u016f\u017eu p\u0159ihl\u00e1sit? - Zbroj\u00e1k Hradec Kr\u00e1lov\u00e9 - zbrojn\u00ed pr\u016fkazy","isPartOf":{"@id":"https:\/\/zbrojak-hradec.cz\/#website"},"datePublished":"2017-04-25T11:01:23+00:00","dateModified":"2026-03-16T12:04:27+00:00","breadcrumb":{"@id":"http:\/\/zbrojak-hradec.cz\/?page_id=37#breadcrumb"},"inLanguage":"cs","potentialAction":[{"@type":"ReadAction","target":["http:\/\/zbrojak-hradec.cz\/?page_id=37"]}]},{"@type":"BreadcrumbList","@id":"http:\/\/zbrojak-hradec.cz\/?page_id=37#breadcrumb","itemListElement":[{"@type":"ListItem","position":1,"name":"Dom\u016f","item":"https:\/\/zbrojak-hradec.cz\/"},{"@type":"ListItem","position":2,"name":"Jak se m\u016f\u017eu p\u0159ihl\u00e1sit?"}]},{"@type":"WebSite","@id":"https:\/\/zbrojak-hradec.cz\/#website","url":"https:\/\/zbrojak-hradec.cz\/","name":"Zbroj\u00e1k Hradec Kr\u00e1lov\u00e9 - zbrojn\u00ed pr\u016fkazy","description":"Kurzy ke z\u00edsk\u00e1n\u00ed ZP v Hradci Kr\u00e1lov\u00e9 a okol\u00ed","potentialAction":[{"@type":"SearchAction","target":{"@type":"EntryPoint","urlTemplate":"https:\/\/zbrojak-hradec.cz\/?s={search_term_string}"},"query-input":{"@type":"PropertyValueSpecification","valueRequired":true,"valueName":"search_term_string"}}],"inLanguage":"cs"}]}},"_links":{"self":[{"href":"https:\/\/zbrojak-hradec.cz\/index.php?rest_route=\/wp\/v2\/pages\/37","targetHints":{"allow":["GET"]}}],"collection":[{"href":"https:\/\/zbrojak-hradec.cz\/index.php?rest_route=\/wp\/v2\/pages"}],"about":[{"href":"https:\/\/zbrojak-hradec.cz\/index.php?rest_route=\/wp\/v2\/types\/page"}],"author":[{"embeddable":true,"href":"https:\/\/zbrojak-hradec.cz\/index.php?rest_route=\/wp\/v2\/users\/1"}],"replies":[{"embeddable":true,"href":"https:\/\/zbrojak-hradec.cz\/index.php?rest_route=%2Fwp%2Fv2%2Fcomments&post=37"}],"version-history":[{"count":6,"href":"https:\/\/zbrojak-hradec.cz\/index.php?rest_route=\/wp\/v2\/pages\/37\/revisions"}],"predecessor-version":[{"id":580,"href":"https:\/\/zbrojak-hradec.cz\/index.php?rest_route=\/wp\/v2\/pages\/37\/revisions\/580"}],"wp:attachment":[{"href":"https:\/\/zbrojak-hradec.cz\/index.php?rest_route=%2Fwp%2Fv2%2Fmedia&parent=37"}],"wp:term":[{"taxonomy":"post_tag","embeddable":true,"href":"https:\/\/zbrojak-hradec.cz\/index.php?rest_route=%2Fwp%2Fv2%2Ftags&post=37"}],"curies":[{"name":"wp","href":"https:\/\/api.w.org\/{rel}","templated":true}]}}