{"id":371,"date":"2021-11-05T13:38:30","date_gmt":"2021-11-05T12:38:30","guid":{"rendered":"https:\/\/zbrojak-hradec.cz\/?page_id=371"},"modified":"2026-03-02T19:56:33","modified_gmt":"2026-03-02T18:56:33","slug":"darkove-poukazy-a-fksp","status":"publish","type":"page","link":"https:\/\/zbrojak-hradec.cz\/?page_id=371","title":{"rendered":"D\u00e1rkov\u00e9 poukazy a FKSP"},"content":{"rendered":"\n\n\n<p class=\"has-text-align-center has-medium-font-size\">Na\u0161e kurzy lze hradit i formou FKSP, d\u00e1le je tak\u00e9 mo\u017eno zakoupit d\u00e1rkov\u00fd poukaz.<\/p>\n\n\n\n<p class=\"has-text-align-center has-white-background-color has-background has-large-font-size\"><strong>Cena kurzu pro rok 2026 je 2800,-<\/strong><\/p>\n\n\n\n<div class=\"wp-block-columns is-layout-flex wp-container-core-columns-is-layout-9d6595d7 wp-block-columns-is-layout-flex\">\n<div class=\"wp-block-column is-vertically-aligned-center is-layout-flow wp-block-column-is-layout-flow\">\n<p class=\"has-text-align-left has-medium-font-size\">Hrazen\u00ed z fondu kulturn\u00edch a soci\u00e1ln\u00edch pot\u0159eb &#8211; vystav\u00edme fakturu va\u0161emu zam\u011bstnavateli s konkr\u00e9tn\u00edm term\u00ednem kurzu a ve\u0161ker\u00fdmi n\u00e1le\u017eitostmi kter\u00e9 v\u00e1\u0161 zam\u011bstnavatel vy\u017eaduje.<\/p>\n\n\n\n<div class=\"wp-block-buttons is-layout-flex wp-block-buttons-is-layout-flex\">\n<div class=\"wp-block-button\"><a class=\"wp-block-button__link has-white-color has-vivid-red-background-color has-text-color has-background wp-element-button\" href=\"https:\/\/zbrojak-hradec.cz\/?page_id=384\"><strong>Objednat kurz z FKSP<\/strong><\/a><\/div>\n<\/div>\n\n\n<\/div>\n\n\n\n<div class=\"wp-block-column is-vertically-aligned-center is-layout-flow wp-block-column-is-layout-flow\">\n<p class=\"has-medium-font-size\">D\u00e1rkov\u00fd poukaz vyd\u00e1v\u00e1me na jm\u00e9no obdarovan\u00e9ho s platnost\u00ed 6 m\u011bs\u00edc\u016f. Poukaz v\u00e1m za\u0161leme v elektronick\u00e9 podob\u011b, nebo za drobn\u00fd p\u0159\u00edplatek po\u0161tou ti\u0161t\u011bn\u00fd a laminovan\u00fd.<\/p>\n\n\n\n<div class=\"wp-block-buttons is-layout-flex wp-block-buttons-is-layout-flex\">\n<div class=\"wp-block-button\"><a class=\"wp-block-button__link has-white-color has-vivid-red-background-color has-text-color has-background wp-element-button\" href=\"https:\/\/zbrojak-hradec.cz\/?page_id=392\"><strong>Objednat D\u00e1rkov\u00fd poukaz<\/strong><\/a><\/div>\n<\/div>\n\n\n<\/div>\n<\/div>\n\n\n","protected":false},"excerpt":{"rendered":"<p>Na\u0161e kurzy lze hradit i formou FKSP, d\u00e1le je tak\u00e9 mo\u017eno zakoupit d\u00e1rkov\u00fd poukaz. Cena kurzu pro rok 2026 je 2800,- Hrazen\u00ed z fondu kulturn\u00edch a soci\u00e1ln\u00edch pot\u0159eb &#8211; vystav\u00edme [&hellip;]<\/p>\n","protected":false},"author":2,"featured_media":0,"parent":0,"menu_order":0,"comment_status":"closed","ping_status":"closed","template":"page-fullwidth.php","meta":{"_acf_changed":false,"footnotes":""},"tags":[],"class_list":["post-371","page","type-page","status-publish","hentry"],"acf":[],"yoast_head":"<!-- This site is optimized with the Yoast SEO plugin v25.3.1 - https:\/\/yoast.com\/wordpress\/plugins\/seo\/ -->\n<title>D\u00e1rkov\u00e9 poukazy a FKSP - Zbroj\u00e1k Hradec Kr\u00e1lov\u00e9 - zbrojn\u00ed pr\u016fkazy<\/title>\n<meta name=\"robots\" content=\"index, follow, max-snippet:-1, max-image-preview:large, max-video-preview:-1\" \/>\n<link rel=\"canonical\" href=\"https:\/\/zbrojak-hradec.cz\/?page_id=371\" \/>\n<meta property=\"og:locale\" content=\"cs_CZ\" \/>\n<meta property=\"og:type\" content=\"article\" \/>\n<meta property=\"og:title\" content=\"D\u00e1rkov\u00e9 poukazy a FKSP - Zbroj\u00e1k Hradec Kr\u00e1lov\u00e9 - zbrojn\u00ed pr\u016fkazy\" \/>\n<meta property=\"og:description\" content=\"Na\u0161e kurzy lze hradit i formou FKSP, d\u00e1le je tak\u00e9 mo\u017eno zakoupit d\u00e1rkov\u00fd poukaz. Cena kurzu pro rok 2026 je 2800,- Hrazen\u00ed z fondu kulturn\u00edch a soci\u00e1ln\u00edch pot\u0159eb &#8211; vystav\u00edme [&hellip;]\" \/>\n<meta property=\"og:url\" content=\"https:\/\/zbrojak-hradec.cz\/?page_id=371\" \/>\n<meta property=\"og:site_name\" content=\"Zbroj\u00e1k Hradec Kr\u00e1lov\u00e9 - zbrojn\u00ed pr\u016fkazy\" \/>\n<meta property=\"article:publisher\" content=\"https:\/\/www.facebook.com\/Zbroj%c3%a1k-Hradec-Kr%c3%a1lov%c3%a9-1187360928059073\/?fref=ts\" \/>\n<meta property=\"article:modified_time\" content=\"2026-03-02T18:56:33+00:00\" \/>\n<meta name=\"twitter:card\" content=\"summary_large_image\" \/>\n<meta name=\"twitter:label1\" content=\"Odhadovan\u00e1 doba \u010dten\u00ed\" \/>\n\t<meta name=\"twitter:data1\" content=\"1 minuta\" \/>\n<script type=\"application\/ld+json\" class=\"yoast-schema-graph\">{\"@context\":\"https:\/\/schema.org\",\"@graph\":[{\"@type\":\"WebPage\",\"@id\":\"https:\/\/zbrojak-hradec.cz\/?page_id=371\",\"url\":\"https:\/\/zbrojak-hradec.cz\/?page_id=371\",\"name\":\"D\u00e1rkov\u00e9 poukazy a FKSP - Zbroj\u00e1k Hradec Kr\u00e1lov\u00e9 - zbrojn\u00ed pr\u016fkazy\",\"isPartOf\":{\"@id\":\"https:\/\/zbrojak-hradec.cz\/#website\"},\"datePublished\":\"2021-11-05T12:38:30+00:00\",\"dateModified\":\"2026-03-02T18:56:33+00:00\",\"breadcrumb\":{\"@id\":\"https:\/\/zbrojak-hradec.cz\/?page_id=371#breadcrumb\"},\"inLanguage\":\"cs\",\"potentialAction\":[{\"@type\":\"ReadAction\",\"target\":[\"https:\/\/zbrojak-hradec.cz\/?page_id=371\"]}]},{\"@type\":\"BreadcrumbList\",\"@id\":\"https:\/\/zbrojak-hradec.cz\/?page_id=371#breadcrumb\",\"itemListElement\":[{\"@type\":\"ListItem\",\"position\":1,\"name\":\"Dom\u016f\",\"item\":\"https:\/\/zbrojak-hradec.cz\/\"},{\"@type\":\"ListItem\",\"position\":2,\"name\":\"D\u00e1rkov\u00e9 poukazy a FKSP\"}]},{\"@type\":\"WebSite\",\"@id\":\"https:\/\/zbrojak-hradec.cz\/#website\",\"url\":\"https:\/\/zbrojak-hradec.cz\/\",\"name\":\"Zbroj\u00e1k Hradec Kr\u00e1lov\u00e9 - zbrojn\u00ed pr\u016fkazy\",\"description\":\"Kurzy ke z\u00edsk\u00e1n\u00ed ZP v Hradci Kr\u00e1lov\u00e9 a okol\u00ed\",\"potentialAction\":[{\"@type\":\"SearchAction\",\"target\":{\"@type\":\"EntryPoint\",\"urlTemplate\":\"https:\/\/zbrojak-hradec.cz\/?s={search_term_string}\"},\"query-input\":{\"@type\":\"PropertyValueSpecification\",\"valueRequired\":true,\"valueName\":\"search_term_string\"}}],\"inLanguage\":\"cs\"}]}<\/script>\n<!-- \/ Yoast SEO plugin. -->","yoast_head_json":{"title":"D\u00e1rkov\u00e9 poukazy a FKSP - Zbroj\u00e1k Hradec Kr\u00e1lov\u00e9 - zbrojn\u00ed pr\u016fkazy","robots":{"index":"index","follow":"follow","max-snippet":"max-snippet:-1","max-image-preview":"max-image-preview:large","max-video-preview":"max-video-preview:-1"},"canonical":"https:\/\/zbrojak-hradec.cz\/?page_id=371","og_locale":"cs_CZ","og_type":"article","og_title":"D\u00e1rkov\u00e9 poukazy a FKSP - Zbroj\u00e1k Hradec Kr\u00e1lov\u00e9 - zbrojn\u00ed pr\u016fkazy","og_description":"Na\u0161e kurzy lze hradit i formou FKSP, d\u00e1le je tak\u00e9 mo\u017eno zakoupit d\u00e1rkov\u00fd poukaz. Cena kurzu pro rok 2026 je 2800,- Hrazen\u00ed z fondu kulturn\u00edch a soci\u00e1ln\u00edch pot\u0159eb &#8211; vystav\u00edme [&hellip;]","og_url":"https:\/\/zbrojak-hradec.cz\/?page_id=371","og_site_name":"Zbroj\u00e1k Hradec Kr\u00e1lov\u00e9 - zbrojn\u00ed pr\u016fkazy","article_publisher":"https:\/\/www.facebook.com\/Zbroj%c3%a1k-Hradec-Kr%c3%a1lov%c3%a9-1187360928059073\/?fref=ts","article_modified_time":"2026-03-02T18:56:33+00:00","twitter_card":"summary_large_image","twitter_misc":{"Odhadovan\u00e1 doba \u010dten\u00ed":"1 minuta"},"schema":{"@context":"https:\/\/schema.org","@graph":[{"@type":"WebPage","@id":"https:\/\/zbrojak-hradec.cz\/?page_id=371","url":"https:\/\/zbrojak-hradec.cz\/?page_id=371","name":"D\u00e1rkov\u00e9 poukazy a FKSP - Zbroj\u00e1k Hradec Kr\u00e1lov\u00e9 - zbrojn\u00ed pr\u016fkazy","isPartOf":{"@id":"https:\/\/zbrojak-hradec.cz\/#website"},"datePublished":"2021-11-05T12:38:30+00:00","dateModified":"2026-03-02T18:56:33+00:00","breadcrumb":{"@id":"https:\/\/zbrojak-hradec.cz\/?page_id=371#breadcrumb"},"inLanguage":"cs","potentialAction":[{"@type":"ReadAction","target":["https:\/\/zbrojak-hradec.cz\/?page_id=371"]}]},{"@type":"BreadcrumbList","@id":"https:\/\/zbrojak-hradec.cz\/?page_id=371#breadcrumb","itemListElement":[{"@type":"ListItem","position":1,"name":"Dom\u016f","item":"https:\/\/zbrojak-hradec.cz\/"},{"@type":"ListItem","position":2,"name":"D\u00e1rkov\u00e9 poukazy a FKSP"}]},{"@type":"WebSite","@id":"https:\/\/zbrojak-hradec.cz\/#website","url":"https:\/\/zbrojak-hradec.cz\/","name":"Zbroj\u00e1k Hradec Kr\u00e1lov\u00e9 - zbrojn\u00ed pr\u016fkazy","description":"Kurzy ke z\u00edsk\u00e1n\u00ed ZP v Hradci Kr\u00e1lov\u00e9 a okol\u00ed","potentialAction":[{"@type":"SearchAction","target":{"@type":"EntryPoint","urlTemplate":"https:\/\/zbrojak-hradec.cz\/?s={search_term_string}"},"query-input":{"@type":"PropertyValueSpecification","valueRequired":true,"valueName":"search_term_string"}}],"inLanguage":"cs"}]}},"_links":{"self":[{"href":"https:\/\/zbrojak-hradec.cz\/index.php?rest_route=\/wp\/v2\/pages\/371","targetHints":{"allow":["GET"]}}],"collection":[{"href":"https:\/\/zbrojak-hradec.cz\/index.php?rest_route=\/wp\/v2\/pages"}],"about":[{"href":"https:\/\/zbrojak-hradec.cz\/index.php?rest_route=\/wp\/v2\/types\/page"}],"author":[{"embeddable":true,"href":"https:\/\/zbrojak-hradec.cz\/index.php?rest_route=\/wp\/v2\/users\/2"}],"replies":[{"embeddable":true,"href":"https:\/\/zbrojak-hradec.cz\/index.php?rest_route=%2Fwp%2Fv2%2Fcomments&post=371"}],"version-history":[{"count":13,"href":"https:\/\/zbrojak-hradec.cz\/index.php?rest_route=\/wp\/v2\/pages\/371\/revisions"}],"predecessor-version":[{"id":566,"href":"https:\/\/zbrojak-hradec.cz\/index.php?rest_route=\/wp\/v2\/pages\/371\/revisions\/566"}],"wp:attachment":[{"href":"https:\/\/zbrojak-hradec.cz\/index.php?rest_route=%2Fwp%2Fv2%2Fmedia&parent=371"}],"wp:term":[{"taxonomy":"post_tag","embeddable":true,"href":"https:\/\/zbrojak-hradec.cz\/index.php?rest_route=%2Fwp%2Fv2%2Ftags&post=371"}],"curies":[{"name":"wp","href":"https:\/\/api.w.org\/{rel}","templated":true}]}}