{"id":4,"date":"2017-04-25T12:56:10","date_gmt":"2017-04-25T10:56:10","guid":{"rendered":"http:\/\/zbrojak-hradec.cz\/?page_id=4"},"modified":"2026-03-16T13:02:37","modified_gmt":"2026-03-16T12:02:37","slug":"jak-to-probiha","status":"publish","type":"page","link":"https:\/\/zbrojak-hradec.cz\/?page_id=4","title":{"rendered":"Jak to prob\u00edh\u00e1?"},"content":{"rendered":"<h3>Pro\u010d kurz?<\/h3>\n<p>C\u00edlem kurzu je p\u0159ipravit v\u00e1s ke zkou\u0161ce odborn\u00e9 zp\u016fsobilosti pro z\u00edsk\u00e1n\u00ed zbrojn\u00edho opr\u00e1vn\u011bn\u00ed. N\u011bco jako auto\u0161kola na zvl\u00e1dnut\u00ed zbran\u011b, s t\u00edm rozd\u00edlem, \u017ee kurz nen\u00ed povinn\u00fd. Nemus\u00edte se tedy ani k n\u00e1m, ani k nikomu jin\u00e9mu hl\u00e1sit a d\u011blat povinn\u011b kurz, ale m\u016f\u017eete si rovnou po\u017e\u00e1dat o vyd\u00e1n\u00ed zbrojn\u00edho opr\u00e1vn\u011bn\u00ed a n\u00e1sledn\u011b slo\u017eit zkou\u0161ku. Tento postup v\u00e1m ale siln\u011b nedoporu\u010dujeme, a to ani v p\u0159\u00edpad\u011b, \u017ee m\u00e1te se zbran\u011bmi zku\u0161enosti a zvl\u00e1d\u00e1te teorii.<\/p>\n<h3>Nov\u00fd postup od roku 2026<\/h3>\n<p>Od 1. 1. 2026 plat\u00ed nov\u00fd z\u00e1kon \u010d. 90\/2024 Sb. Postup z\u00edsk\u00e1n\u00ed zbrojn\u00edho opr\u00e1vn\u011bn\u00ed se zm\u011bnil:<\/p>\n<ol>\n<li>Vy\u0159\u00edd\u00edte si <strong>l\u00e9ka\u0159sk\u00fd posudek<\/strong> o zdravotn\u00ed zp\u016fsobilosti<\/li>\n<li>Pod\u00e1te <strong>\u017e\u00e1dost o zbrojn\u00ed opr\u00e1vn\u011bn\u00ed<\/strong> na kter\u00e9mkoliv OSZBM P\u010cR (spr\u00e1vn\u00ed poplatek 3 000 K\u010d)<\/li>\n<li>Policie ov\u011b\u0159\u00ed bez\u00fahonnost a spolehlivost<\/li>\n<li>Po zaps\u00e1n\u00ed do Centr\u00e1ln\u00edho registru zbran\u00ed (CRZ) se p\u0159ihl\u00e1s\u00edte ke <strong>zkou\u0161ce na st\u0159elnici<\/strong><\/li>\n<li>Zkou\u0161ka: <strong>30 testov\u00fdch ot\u00e1zek<\/strong> (min. 26 bod\u016f pro obecn\u00e9, 28 pro roz\u0161\u00ed\u0159en\u00e9 opr\u00e1vn\u011bn\u00ed) + praktick\u00e1 \u010d\u00e1st<\/li>\n<\/ol>\n<h3>Jak dlouho to potrv\u00e1?<\/h3>\n<p>Nelibujeme si v dlouh\u00fdch hodin\u00e1ch nav\u0161t\u011bvov\u00e1n\u00ed v\u00fduky a d\u00e9lka kurzu tedy z\u00e1vis\u00ed p\u0159edev\u0161\u00edm na v\u00e1s. P\u0159ed\u00e1me v\u00e1m ve\u0161ker\u00e9 pot\u0159ebn\u00e9 informace, nau\u010d\u00edme v\u00e1s zach\u00e1zet se zbran\u00ed, rozebrat ji a slo\u017eit, bezpe\u010dn\u011b s n\u00ed manipulovat a samoz\u0159ejm\u011b z n\u00ed st\u0159\u00edlet. N\u00e1\u0161 kurz je obvykle rychl\u00fd a efektivn\u00ed a zam\u011b\u0159ujeme se na podstatn\u00e9 aspekty.<\/p>\n<h3>Budu se muset u\u010dit?<\/h3>\n<p>Ano, budete se muset u\u010dit p\u0159edev\u0161\u00edm samostatn\u011b. Do hlavy v\u00e1m nedok\u00e1\u017eeme nastrkat v\u0161echny testov\u00e9 ot\u00e1zky a bez osobn\u00ed p\u0159\u00edpravy by kurz trval n\u011bkolik let. Nebudeme s v\u00e1mi prob\u00edrat testov\u00e9 ot\u00e1zky jednu po druh\u00e9, proto\u017ee o tom kurz p\u0159\u00edpravy nen\u00ed. \u0158ekneme v\u00e1m ale ve\u0161ker\u00e9 pot\u0159ebn\u00e9 informace, kter\u00e9 v\u00e1m u\u010den\u00ed velmi usnadn\u00ed, v\u0161echny zdroje, dozv\u00edte se jak prob\u00edh\u00e1 zkou\u0161ka, na co si d\u00e1t pozor a a\u017e skon\u010d\u00edme, bude pro v\u00e1s bezpe\u010dn\u00e1 manipulace se zbran\u00ed hra\u010dkou.<\/p>\n<h3>K samotn\u00e9mu kurzu<\/h3>\n<p>Zah\u00e1jen\u00ed nov\u00e9ho kurzu v\u017edy trv\u00e1 3\u20135 hodin. P\u0159ipravte se na to, \u017ee jdeme rovnou k v\u011bci, tak\u017ee v den zah\u00e1jen\u00ed si poprv\u00e9 vyzkou\u0161\u00edte bezpe\u010dnou manipulaci se zbran\u00ed, rozlo\u017een\u00ed a slo\u017een\u00ed zbran\u011b a povely \u0159\u00edd\u00edc\u00edho st\u0159elby a zku\u0161ebn\u00edho komisa\u0159e. Dozv\u00edte se n\u011bco o hlav\u0148ov\u00fdch svazc\u00edch, bezpe\u010dn\u00e9 z\u00f3n\u011b, p\u0159im\u011b\u0159en\u00e9 obran\u011b atd. Tak\u00e9 si domluv\u00edte prvn\u00ed term\u00edn st\u0159eleb, kter\u00e9 budou prob\u00edhat na vybran\u00e9 st\u0159elnici.<\/p>\n<p>Dal\u0161\u00ed minim\u00e1ln\u011b 2 hodiny str\u00e1v\u00edte na st\u0159elnici, kde v\u00e1m instruktor uk\u00e1\u017ee v\u0161e v praxi a d\u00e1le bude kurz pokra\u010dovat teori\u00ed, kter\u00e1 je ale \u00fazce spojen\u00e1 s prax\u00ed. Budete opakovan\u011b st\u0159\u00edlet, rozeb\u00edrat a skl\u00e1dat zbran\u011b, bezpe\u010dn\u011b s nimi manipulovat, nau\u010d\u00edte se pokyny&#8230;<\/p>\n<p>Nebojte, nevad\u00ed, \u017ee jste nikdy nedr\u017eeli zbra\u0148 v ruce, rychle si zvyknete a nakonec v\u00e1s to bude ur\u010dit\u011b i bavit. U na\u0161ich \u017e\u00e1k\u016f je zcela b\u011b\u017en\u00e9, \u017ee nemaj\u00ed se zbran\u011bmi v\u016fbec \u017e\u00e1dn\u00e9 zku\u0161enosti a p\u0159esto zkou\u0161ku bez probl\u00e9m\u016f absolvuj\u00ed.<\/p>\n<h3>Testov\u00e9 ot\u00e1zky a p\u0159\u00edprava<\/h3>\n<p>Od roku 2026 plat\u00ed nov\u00fd zku\u0161ebn\u00ed \u0159\u00e1d (na\u0159\u00edzen\u00ed vl\u00e1dy \u010d. 238\/2025 Sb.) s aktualizovan\u00fdmi testov\u00fdmi ot\u00e1zkami. Procvi\u010dovat m\u016f\u017eete nap\u0159\u00edklad na:<\/p>\n<ul>\n<li><a href=\"https:\/\/zbrojni-prukaz.etesty.cz\/\">zbrojni-prukaz.etesty.cz<\/a> \u2014 cvi\u010dn\u00e9 testy zdarma<\/li>\n<li><a href=\"https:\/\/www.zbrojaktest.cz\/\">zbrojaktest.cz<\/a> \u2014 837 ot\u00e1zek zdarma<\/li>\n<li><a href=\"https:\/\/www.strelecka-skola.cz\/Testove-otazky-2026\">strelecka-skola.cz<\/a> \u2014 testov\u00e9 ot\u00e1zky platn\u00e9 od 2026<\/li>\n<\/ul>\n<a href=\"http:\/\/zbrojak-hradec.cz\/?page_id=37\" class=\"su-button su-button-style-default\" style=\"color:#FFFFFF;background-color:#DD3333;border-color:#b12929;border-radius:10px\" target=\"_self\"><span style=\"color:#FFFFFF;padding:8px 26px;font-size:20px;line-height:30px;border-color:#e87171;border-radius:10px;text-shadow:none\"><i class=\"sui sui-arrow-circle-right\" style=\"font-size:20px;color:#ffffff\"><\/i> Jak se p\u0159ihl\u00e1sit<\/span><\/a> <a href=\"http:\/\/zbrojak-hradec.cz\/?page_id=35\" class=\"su-button su-button-style-default\" style=\"color:#FFFFFF;background-color:#DD3333;border-color:#b12929;border-radius:10px\" target=\"_self\"><span style=\"color:#FFFFFF;padding:8px 26px;font-size:20px;line-height:30px;border-color:#e87171;border-radius:10px;text-shadow:none\"><i class=\"sui sui-dollar\" style=\"font-size:20px;color:#ffffff\"><\/i> Kolik to stoj\u00ed<\/span><\/a>\n","protected":false},"excerpt":{"rendered":"<p>Pro\u010d kurz? C\u00edlem kurzu je p\u0159ipravit v\u00e1s ke zkou\u0161ce odborn\u00e9 zp\u016fsobilosti pro z\u00edsk\u00e1n\u00ed zbrojn\u00edho opr\u00e1vn\u011bn\u00ed. N\u011bco jako auto\u0161kola na zvl\u00e1dnut\u00ed zbran\u011b, s t\u00edm rozd\u00edlem, \u017ee kurz nen\u00ed povinn\u00fd. Nemus\u00edte se [&hellip;]<\/p>\n","protected":false},"author":1,"featured_media":0,"parent":0,"menu_order":0,"comment_status":"closed","ping_status":"closed","template":"page-fullwidth.php","meta":{"_acf_changed":false,"footnotes":""},"tags":[10,22,23,24,6,8,9],"class_list":["post-4","page","type-page","status-publish","hentry","tag-jak-ziskat-zp","tag-ostrava","tag-vycvik","tag-vyuka-na-zp","tag-zbrojak","tag-zbrojni-prukaz","tag-zp"],"acf":[],"yoast_head":"<!-- This site is optimized with the Yoast SEO plugin v25.3.1 - https:\/\/yoast.com\/wordpress\/plugins\/seo\/ -->\n<title>Jak to prob\u00edh\u00e1? - Zbroj\u00e1k Hradec Kr\u00e1lov\u00e9 - zbrojn\u00ed pr\u016fkazy<\/title>\n<meta name=\"robots\" content=\"index, follow, max-snippet:-1, max-image-preview:large, max-video-preview:-1\" \/>\n<link rel=\"canonical\" href=\"http:\/\/zbrojak-hradec.cz\/?page_id=4\" \/>\n<meta property=\"og:locale\" content=\"cs_CZ\" \/>\n<meta property=\"og:type\" content=\"article\" \/>\n<meta property=\"og:title\" content=\"Jak to prob\u00edh\u00e1? - Zbroj\u00e1k Hradec Kr\u00e1lov\u00e9 - zbrojn\u00ed pr\u016fkazy\" \/>\n<meta property=\"og:description\" content=\"Pro\u010d kurz? C\u00edlem kurzu je p\u0159ipravit v\u00e1s ke zkou\u0161ce odborn\u00e9 zp\u016fsobilosti pro z\u00edsk\u00e1n\u00ed zbrojn\u00edho opr\u00e1vn\u011bn\u00ed. N\u011bco jako auto\u0161kola na zvl\u00e1dnut\u00ed zbran\u011b, s t\u00edm rozd\u00edlem, \u017ee kurz nen\u00ed povinn\u00fd. Nemus\u00edte se [&hellip;]\" \/>\n<meta property=\"og:url\" content=\"http:\/\/zbrojak-hradec.cz\/?page_id=4\" \/>\n<meta property=\"og:site_name\" content=\"Zbroj\u00e1k Hradec Kr\u00e1lov\u00e9 - zbrojn\u00ed pr\u016fkazy\" \/>\n<meta property=\"article:publisher\" content=\"https:\/\/www.facebook.com\/Zbroj%c3%a1k-Hradec-Kr%c3%a1lov%c3%a9-1187360928059073\/?fref=ts\" \/>\n<meta property=\"article:modified_time\" content=\"2026-03-16T12:02:37+00:00\" \/>\n<meta name=\"twitter:card\" content=\"summary_large_image\" \/>\n<meta name=\"twitter:label1\" content=\"Odhadovan\u00e1 doba \u010dten\u00ed\" \/>\n\t<meta name=\"twitter:data1\" content=\"3 minuty\" \/>\n<script type=\"application\/ld+json\" class=\"yoast-schema-graph\">{\"@context\":\"https:\/\/schema.org\",\"@graph\":[{\"@type\":\"WebPage\",\"@id\":\"http:\/\/zbrojak-hradec.cz\/?page_id=4\",\"url\":\"http:\/\/zbrojak-hradec.cz\/?page_id=4\",\"name\":\"Jak to prob\u00edh\u00e1? - Zbroj\u00e1k Hradec Kr\u00e1lov\u00e9 - zbrojn\u00ed pr\u016fkazy\",\"isPartOf\":{\"@id\":\"https:\/\/zbrojak-hradec.cz\/#website\"},\"datePublished\":\"2017-04-25T10:56:10+00:00\",\"dateModified\":\"2026-03-16T12:02:37+00:00\",\"breadcrumb\":{\"@id\":\"http:\/\/zbrojak-hradec.cz\/?page_id=4#breadcrumb\"},\"inLanguage\":\"cs\",\"potentialAction\":[{\"@type\":\"ReadAction\",\"target\":[\"http:\/\/zbrojak-hradec.cz\/?page_id=4\"]}]},{\"@type\":\"BreadcrumbList\",\"@id\":\"http:\/\/zbrojak-hradec.cz\/?page_id=4#breadcrumb\",\"itemListElement\":[{\"@type\":\"ListItem\",\"position\":1,\"name\":\"Dom\u016f\",\"item\":\"https:\/\/zbrojak-hradec.cz\/\"},{\"@type\":\"ListItem\",\"position\":2,\"name\":\"Jak to prob\u00edh\u00e1?\"}]},{\"@type\":\"WebSite\",\"@id\":\"https:\/\/zbrojak-hradec.cz\/#website\",\"url\":\"https:\/\/zbrojak-hradec.cz\/\",\"name\":\"Zbroj\u00e1k Hradec Kr\u00e1lov\u00e9 - zbrojn\u00ed pr\u016fkazy\",\"description\":\"Kurzy ke z\u00edsk\u00e1n\u00ed ZP v Hradci Kr\u00e1lov\u00e9 a okol\u00ed\",\"potentialAction\":[{\"@type\":\"SearchAction\",\"target\":{\"@type\":\"EntryPoint\",\"urlTemplate\":\"https:\/\/zbrojak-hradec.cz\/?s={search_term_string}\"},\"query-input\":{\"@type\":\"PropertyValueSpecification\",\"valueRequired\":true,\"valueName\":\"search_term_string\"}}],\"inLanguage\":\"cs\"}]}<\/script>\n<!-- \/ Yoast SEO plugin. -->","yoast_head_json":{"title":"Jak to prob\u00edh\u00e1? - Zbroj\u00e1k Hradec Kr\u00e1lov\u00e9 - zbrojn\u00ed pr\u016fkazy","robots":{"index":"index","follow":"follow","max-snippet":"max-snippet:-1","max-image-preview":"max-image-preview:large","max-video-preview":"max-video-preview:-1"},"canonical":"http:\/\/zbrojak-hradec.cz\/?page_id=4","og_locale":"cs_CZ","og_type":"article","og_title":"Jak to prob\u00edh\u00e1? - Zbroj\u00e1k Hradec Kr\u00e1lov\u00e9 - zbrojn\u00ed pr\u016fkazy","og_description":"Pro\u010d kurz? C\u00edlem kurzu je p\u0159ipravit v\u00e1s ke zkou\u0161ce odborn\u00e9 zp\u016fsobilosti pro z\u00edsk\u00e1n\u00ed zbrojn\u00edho opr\u00e1vn\u011bn\u00ed. N\u011bco jako auto\u0161kola na zvl\u00e1dnut\u00ed zbran\u011b, s t\u00edm rozd\u00edlem, \u017ee kurz nen\u00ed povinn\u00fd. Nemus\u00edte se [&hellip;]","og_url":"http:\/\/zbrojak-hradec.cz\/?page_id=4","og_site_name":"Zbroj\u00e1k Hradec Kr\u00e1lov\u00e9 - zbrojn\u00ed pr\u016fkazy","article_publisher":"https:\/\/www.facebook.com\/Zbroj%c3%a1k-Hradec-Kr%c3%a1lov%c3%a9-1187360928059073\/?fref=ts","article_modified_time":"2026-03-16T12:02:37+00:00","twitter_card":"summary_large_image","twitter_misc":{"Odhadovan\u00e1 doba \u010dten\u00ed":"3 minuty"},"schema":{"@context":"https:\/\/schema.org","@graph":[{"@type":"WebPage","@id":"http:\/\/zbrojak-hradec.cz\/?page_id=4","url":"http:\/\/zbrojak-hradec.cz\/?page_id=4","name":"Jak to prob\u00edh\u00e1? - Zbroj\u00e1k Hradec Kr\u00e1lov\u00e9 - zbrojn\u00ed pr\u016fkazy","isPartOf":{"@id":"https:\/\/zbrojak-hradec.cz\/#website"},"datePublished":"2017-04-25T10:56:10+00:00","dateModified":"2026-03-16T12:02:37+00:00","breadcrumb":{"@id":"http:\/\/zbrojak-hradec.cz\/?page_id=4#breadcrumb"},"inLanguage":"cs","potentialAction":[{"@type":"ReadAction","target":["http:\/\/zbrojak-hradec.cz\/?page_id=4"]}]},{"@type":"BreadcrumbList","@id":"http:\/\/zbrojak-hradec.cz\/?page_id=4#breadcrumb","itemListElement":[{"@type":"ListItem","position":1,"name":"Dom\u016f","item":"https:\/\/zbrojak-hradec.cz\/"},{"@type":"ListItem","position":2,"name":"Jak to prob\u00edh\u00e1?"}]},{"@type":"WebSite","@id":"https:\/\/zbrojak-hradec.cz\/#website","url":"https:\/\/zbrojak-hradec.cz\/","name":"Zbroj\u00e1k Hradec Kr\u00e1lov\u00e9 - zbrojn\u00ed pr\u016fkazy","description":"Kurzy ke z\u00edsk\u00e1n\u00ed ZP v Hradci Kr\u00e1lov\u00e9 a okol\u00ed","potentialAction":[{"@type":"SearchAction","target":{"@type":"EntryPoint","urlTemplate":"https:\/\/zbrojak-hradec.cz\/?s={search_term_string}"},"query-input":{"@type":"PropertyValueSpecification","valueRequired":true,"valueName":"search_term_string"}}],"inLanguage":"cs"}]}},"_links":{"self":[{"href":"https:\/\/zbrojak-hradec.cz\/index.php?rest_route=\/wp\/v2\/pages\/4","targetHints":{"allow":["GET"]}}],"collection":[{"href":"https:\/\/zbrojak-hradec.cz\/index.php?rest_route=\/wp\/v2\/pages"}],"about":[{"href":"https:\/\/zbrojak-hradec.cz\/index.php?rest_route=\/wp\/v2\/types\/page"}],"author":[{"embeddable":true,"href":"https:\/\/zbrojak-hradec.cz\/index.php?rest_route=\/wp\/v2\/users\/1"}],"replies":[{"embeddable":true,"href":"https:\/\/zbrojak-hradec.cz\/index.php?rest_route=%2Fwp%2Fv2%2Fcomments&post=4"}],"version-history":[{"count":4,"href":"https:\/\/zbrojak-hradec.cz\/index.php?rest_route=\/wp\/v2\/pages\/4\/revisions"}],"predecessor-version":[{"id":579,"href":"https:\/\/zbrojak-hradec.cz\/index.php?rest_route=\/wp\/v2\/pages\/4\/revisions\/579"}],"wp:attachment":[{"href":"https:\/\/zbrojak-hradec.cz\/index.php?rest_route=%2Fwp%2Fv2%2Fmedia&parent=4"}],"wp:term":[{"taxonomy":"post_tag","embeddable":true,"href":"https:\/\/zbrojak-hradec.cz\/index.php?rest_route=%2Fwp%2Fv2%2Ftags&post=4"}],"curies":[{"name":"wp","href":"https:\/\/api.w.org\/{rel}","templated":true}]}}