{"id":59,"date":"2017-04-27T10:12:49","date_gmt":"2017-04-27T08:12:49","guid":{"rendered":"http:\/\/zbrojak-hradec.cz\/?page_id=59"},"modified":"2017-07-03T17:35:58","modified_gmt":"2017-07-03T15:35:58","slug":"dokumenty-ke-stazeni","status":"publish","type":"page","link":"https:\/\/zbrojak-hradec.cz\/?page_id=59","title":{"rendered":"Dokumenty ke sta\u017een\u00ed"},"content":{"rendered":"<p><a href=\"http:\/\/perifokus.cz\/files\/posudek-o-zdravotni-zpusobilosti.pdf\">Posudek o zdravotn\u00ed zp\u016fsobilosti<\/a><br \/>\nPosudek o zdravotn\u00ed zp\u016fsobilosti pro \u017eadatele o zbrojn\u00ed pr\u016fkaz. Tento dokument pot\u0159ebujete a\u017e po \u00fasp\u011b\u0161n\u00e9m absovlov\u00e1n\u00ed zkou\u0161ek odborn\u00e9 zp\u016fsobilosti.<br \/>\n<a href=\"http:\/\/perifokus.cz\/files\/prihlaskakezkouscef.pdf\">P\u0159ihl\u00e1\u0161ka ke zkou\u0161ce odborn\u00e9 zp\u016fsobilosti<\/a><br \/>\nTento dokument je prvn\u00ed, kter\u00fd je nutn\u00fd, nicm\u00e9n\u011b jej nen\u00ed pot\u0159eba stahovat a tisknout, proto\u017ee ka\u017ed\u00fd p\u0159\u00edslu\u0161n\u00fd \u00fatvar P\u010cR V\u00e1m jej d\u00e1 k vypln\u011bn\u00ed.<br \/>\n<a href=\"\/data\/Souhrn_testovych_otazek_pro_zadatele_o_vydani_ZP_k_pouziti_od_01-08-2017.pdf\">Testov\u00e9 ot\u00e1zky teoretick\u00e9 \u010d\u00e1sti zkou\u0161ky (od 1.8.2017)<\/a><br \/>\nSeznam aktu\u00e1ln\u00edch testov\u00fdch ot\u00e1zek, kter\u00e9 budete pot\u0159ebovat zn\u00e1t p\u0159i teoretick\u00e9 \u010d\u00e1sti zkou\u0161ky pro z\u00edsk\u00e1n\u00ed ZP.<br \/>\n<a href=\"data\/test_otazky.pdf\">Testov\u00e9 ot\u00e1zky z teoretick\u00e9 \u010d\u00e1sti zkou\u0161ky (do 1.8.2017)<\/a><br \/>\nSeznam aktu\u00e1ln\u00edch testov\u00fdch ot\u00e1zek, kter\u00e9 budete pot\u0159ebovat zn\u00e1t p\u0159i teoretick\u00e9 \u010d\u00e1sti zkou\u0161ky pro z\u00edsk\u00e1n\u00ed ZP. Spr\u00e1vn\u00e9 odpov\u011bdi jsou podtr\u017eeny.<br \/>\n<a href=\"http:\/\/perifokus.cz\/files\/zkouska-zp-prihl-vyhodnoceni-sk-a-e.pdf\">P\u0159ihl\u00e1\u0161ka v\u010detn\u011b vyhodnocen\u00ed zkou\u0161ky<\/a><br \/>\nSp\u00ed\u0161e vzor. S t\u00edmto dokumentem se setk\u00e1te u zkou\u0161ek odborn\u00e9 zp\u016fsobilosti a\u0165 u\u017e je zvl\u00e1dnete, \u010di ne.<br \/>\n<a href=\"data\/zakon_zbrane.pdf\">Zn\u011bn\u00ed novely p\u0159\u00edslu\u0161n\u00e9ho z\u00e1kona (170\/213)<\/a><br \/>\nZ\u00e1kon o zbran\u00edch a st\u0159elivu, kter\u00fd se V\u00e1m bude hodit p\u0159i p\u0159\u00edprav\u011b na zkou\u0161ku odborn\u00e9 zp\u016fsobilosti<\/p>\n<p>&nbsp;<\/p>\n<p>Pokud si chcete procvi\u010dovat testov\u00e9 ot\u00e1zky pohodln\u011b v mobilu a m\u00e1te Android, m\u016f\u017eete vyu\u017e\u00edt aplikaci od zbranekvalitne. Aplikace stoj\u00ed 39K\u010d a lze ji <a href=\"https:\/\/play.google.com\/store\/apps\/details?id=cz.zbranekvalitne.zbrojniprukaz&amp;hl=cs\">st\u00e1hnout z Google Play<\/a><\/p>\n","protected":false},"excerpt":{"rendered":"<p>Posudek o zdravotn\u00ed zp\u016fsobilosti Posudek o zdravotn\u00ed zp\u016fsobilosti pro \u017eadatele o zbrojn\u00ed pr\u016fkaz. Tento dokument pot\u0159ebujete a\u017e po \u00fasp\u011b\u0161n\u00e9m absovlov\u00e1n\u00ed zkou\u0161ek odborn\u00e9 zp\u016fsobilosti. P\u0159ihl\u00e1\u0161ka ke zkou\u0161ce odborn\u00e9 zp\u016fsobilosti Tento dokument [&hellip;]<\/p>\n","protected":false},"author":1,"featured_media":0,"parent":0,"menu_order":0,"comment_status":"closed","ping_status":"closed","template":"page-fullwidth.php","meta":{"_acf_changed":false,"footnotes":""},"tags":[51,52,18,53,9],"class_list":["post-59","page","type-page","status-publish","hentry","tag-dokumenty","tag-posudek","tag-prihlaska","tag-zbroji-prukaz","tag-zp"],"acf":[],"yoast_head":"<!-- This site is optimized with the Yoast SEO plugin v25.3.1 - https:\/\/yoast.com\/wordpress\/plugins\/seo\/ -->\n<title>Dokumenty ke sta\u017een\u00ed - Zbroj\u00e1k Hradec Kr\u00e1lov\u00e9 - zbrojn\u00ed pr\u016fkazy<\/title>\n<meta name=\"robots\" content=\"index, follow, max-snippet:-1, max-image-preview:large, max-video-preview:-1\" \/>\n<link rel=\"canonical\" href=\"https:\/\/zbrojak-hradec.cz\/?page_id=59\" \/>\n<meta property=\"og:locale\" content=\"cs_CZ\" \/>\n<meta property=\"og:type\" content=\"article\" \/>\n<meta property=\"og:title\" content=\"Dokumenty ke sta\u017een\u00ed - Zbroj\u00e1k Hradec Kr\u00e1lov\u00e9 - zbrojn\u00ed pr\u016fkazy\" \/>\n<meta property=\"og:description\" content=\"Posudek o zdravotn\u00ed zp\u016fsobilosti Posudek o zdravotn\u00ed zp\u016fsobilosti pro \u017eadatele o zbrojn\u00ed pr\u016fkaz. Tento dokument pot\u0159ebujete a\u017e po \u00fasp\u011b\u0161n\u00e9m absovlov\u00e1n\u00ed zkou\u0161ek odborn\u00e9 zp\u016fsobilosti. P\u0159ihl\u00e1\u0161ka ke zkou\u0161ce odborn\u00e9 zp\u016fsobilosti Tento dokument [&hellip;]\" \/>\n<meta property=\"og:url\" content=\"https:\/\/zbrojak-hradec.cz\/?page_id=59\" \/>\n<meta property=\"og:site_name\" content=\"Zbroj\u00e1k Hradec Kr\u00e1lov\u00e9 - zbrojn\u00ed pr\u016fkazy\" \/>\n<meta property=\"article:publisher\" content=\"https:\/\/www.facebook.com\/Zbroj%c3%a1k-Hradec-Kr%c3%a1lov%c3%a9-1187360928059073\/?fref=ts\" \/>\n<meta property=\"article:modified_time\" content=\"2017-07-03T15:35:58+00:00\" \/>\n<meta name=\"twitter:card\" content=\"summary_large_image\" \/>\n<meta name=\"twitter:label1\" content=\"Odhadovan\u00e1 doba \u010dten\u00ed\" \/>\n\t<meta name=\"twitter:data1\" content=\"1 minuta\" \/>\n<script type=\"application\/ld+json\" class=\"yoast-schema-graph\">{\"@context\":\"https:\/\/schema.org\",\"@graph\":[{\"@type\":\"WebPage\",\"@id\":\"https:\/\/zbrojak-hradec.cz\/?page_id=59\",\"url\":\"https:\/\/zbrojak-hradec.cz\/?page_id=59\",\"name\":\"Dokumenty ke sta\u017een\u00ed - Zbroj\u00e1k Hradec Kr\u00e1lov\u00e9 - zbrojn\u00ed pr\u016fkazy\",\"isPartOf\":{\"@id\":\"https:\/\/zbrojak-hradec.cz\/#website\"},\"datePublished\":\"2017-04-27T08:12:49+00:00\",\"dateModified\":\"2017-07-03T15:35:58+00:00\",\"breadcrumb\":{\"@id\":\"https:\/\/zbrojak-hradec.cz\/?page_id=59#breadcrumb\"},\"inLanguage\":\"cs\",\"potentialAction\":[{\"@type\":\"ReadAction\",\"target\":[\"https:\/\/zbrojak-hradec.cz\/?page_id=59\"]}]},{\"@type\":\"BreadcrumbList\",\"@id\":\"https:\/\/zbrojak-hradec.cz\/?page_id=59#breadcrumb\",\"itemListElement\":[{\"@type\":\"ListItem\",\"position\":1,\"name\":\"Dom\u016f\",\"item\":\"https:\/\/zbrojak-hradec.cz\/\"},{\"@type\":\"ListItem\",\"position\":2,\"name\":\"Dokumenty ke sta\u017een\u00ed\"}]},{\"@type\":\"WebSite\",\"@id\":\"https:\/\/zbrojak-hradec.cz\/#website\",\"url\":\"https:\/\/zbrojak-hradec.cz\/\",\"name\":\"Zbroj\u00e1k Hradec Kr\u00e1lov\u00e9 - zbrojn\u00ed pr\u016fkazy\",\"description\":\"Kurzy ke z\u00edsk\u00e1n\u00ed ZP v Hradci Kr\u00e1lov\u00e9 a okol\u00ed\",\"potentialAction\":[{\"@type\":\"SearchAction\",\"target\":{\"@type\":\"EntryPoint\",\"urlTemplate\":\"https:\/\/zbrojak-hradec.cz\/?s={search_term_string}\"},\"query-input\":{\"@type\":\"PropertyValueSpecification\",\"valueRequired\":true,\"valueName\":\"search_term_string\"}}],\"inLanguage\":\"cs\"}]}<\/script>\n<!-- \/ Yoast SEO plugin. -->","yoast_head_json":{"title":"Dokumenty ke sta\u017een\u00ed - Zbroj\u00e1k Hradec Kr\u00e1lov\u00e9 - zbrojn\u00ed pr\u016fkazy","robots":{"index":"index","follow":"follow","max-snippet":"max-snippet:-1","max-image-preview":"max-image-preview:large","max-video-preview":"max-video-preview:-1"},"canonical":"https:\/\/zbrojak-hradec.cz\/?page_id=59","og_locale":"cs_CZ","og_type":"article","og_title":"Dokumenty ke sta\u017een\u00ed - Zbroj\u00e1k Hradec Kr\u00e1lov\u00e9 - zbrojn\u00ed pr\u016fkazy","og_description":"Posudek o zdravotn\u00ed zp\u016fsobilosti Posudek o zdravotn\u00ed zp\u016fsobilosti pro \u017eadatele o zbrojn\u00ed pr\u016fkaz. Tento dokument pot\u0159ebujete a\u017e po \u00fasp\u011b\u0161n\u00e9m absovlov\u00e1n\u00ed zkou\u0161ek odborn\u00e9 zp\u016fsobilosti. P\u0159ihl\u00e1\u0161ka ke zkou\u0161ce odborn\u00e9 zp\u016fsobilosti Tento dokument [&hellip;]","og_url":"https:\/\/zbrojak-hradec.cz\/?page_id=59","og_site_name":"Zbroj\u00e1k Hradec Kr\u00e1lov\u00e9 - zbrojn\u00ed pr\u016fkazy","article_publisher":"https:\/\/www.facebook.com\/Zbroj%c3%a1k-Hradec-Kr%c3%a1lov%c3%a9-1187360928059073\/?fref=ts","article_modified_time":"2017-07-03T15:35:58+00:00","twitter_card":"summary_large_image","twitter_misc":{"Odhadovan\u00e1 doba \u010dten\u00ed":"1 minuta"},"schema":{"@context":"https:\/\/schema.org","@graph":[{"@type":"WebPage","@id":"https:\/\/zbrojak-hradec.cz\/?page_id=59","url":"https:\/\/zbrojak-hradec.cz\/?page_id=59","name":"Dokumenty ke sta\u017een\u00ed - Zbroj\u00e1k Hradec Kr\u00e1lov\u00e9 - zbrojn\u00ed pr\u016fkazy","isPartOf":{"@id":"https:\/\/zbrojak-hradec.cz\/#website"},"datePublished":"2017-04-27T08:12:49+00:00","dateModified":"2017-07-03T15:35:58+00:00","breadcrumb":{"@id":"https:\/\/zbrojak-hradec.cz\/?page_id=59#breadcrumb"},"inLanguage":"cs","potentialAction":[{"@type":"ReadAction","target":["https:\/\/zbrojak-hradec.cz\/?page_id=59"]}]},{"@type":"BreadcrumbList","@id":"https:\/\/zbrojak-hradec.cz\/?page_id=59#breadcrumb","itemListElement":[{"@type":"ListItem","position":1,"name":"Dom\u016f","item":"https:\/\/zbrojak-hradec.cz\/"},{"@type":"ListItem","position":2,"name":"Dokumenty ke sta\u017een\u00ed"}]},{"@type":"WebSite","@id":"https:\/\/zbrojak-hradec.cz\/#website","url":"https:\/\/zbrojak-hradec.cz\/","name":"Zbroj\u00e1k Hradec Kr\u00e1lov\u00e9 - zbrojn\u00ed pr\u016fkazy","description":"Kurzy ke z\u00edsk\u00e1n\u00ed ZP v Hradci Kr\u00e1lov\u00e9 a okol\u00ed","potentialAction":[{"@type":"SearchAction","target":{"@type":"EntryPoint","urlTemplate":"https:\/\/zbrojak-hradec.cz\/?s={search_term_string}"},"query-input":{"@type":"PropertyValueSpecification","valueRequired":true,"valueName":"search_term_string"}}],"inLanguage":"cs"}]}},"_links":{"self":[{"href":"https:\/\/zbrojak-hradec.cz\/index.php?rest_route=\/wp\/v2\/pages\/59","targetHints":{"allow":["GET"]}}],"collection":[{"href":"https:\/\/zbrojak-hradec.cz\/index.php?rest_route=\/wp\/v2\/pages"}],"about":[{"href":"https:\/\/zbrojak-hradec.cz\/index.php?rest_route=\/wp\/v2\/types\/page"}],"author":[{"embeddable":true,"href":"https:\/\/zbrojak-hradec.cz\/index.php?rest_route=\/wp\/v2\/users\/1"}],"replies":[{"embeddable":true,"href":"https:\/\/zbrojak-hradec.cz\/index.php?rest_route=%2Fwp%2Fv2%2Fcomments&post=59"}],"version-history":[{"count":2,"href":"https:\/\/zbrojak-hradec.cz\/index.php?rest_route=\/wp\/v2\/pages\/59\/revisions"}],"predecessor-version":[{"id":91,"href":"https:\/\/zbrojak-hradec.cz\/index.php?rest_route=\/wp\/v2\/pages\/59\/revisions\/91"}],"wp:attachment":[{"href":"https:\/\/zbrojak-hradec.cz\/index.php?rest_route=%2Fwp%2Fv2%2Fmedia&parent=59"}],"wp:term":[{"taxonomy":"post_tag","embeddable":true,"href":"https:\/\/zbrojak-hradec.cz\/index.php?rest_route=%2Fwp%2Fv2%2Ftags&post=59"}],"curies":[{"name":"wp","href":"https:\/\/api.w.org\/{rel}","templated":true}]}}