{"id":61,"date":"2017-04-27T10:14:02","date_gmt":"2017-04-27T08:14:02","guid":{"rendered":"http:\/\/zbrojak-hradec.cz\/?page_id=61"},"modified":"2026-03-16T12:42:42","modified_gmt":"2026-03-16T11:42:42","slug":"kategorie-zbrani","status":"publish","type":"page","link":"https:\/\/zbrojak-hradec.cz\/?page_id=61","title":{"rendered":"Kategorie zbran\u00ed"},"content":{"rendered":"<p>Od 1. ledna 2026 plat\u00ed nov\u00fd z\u00e1kon o zbran\u00edch \u010d. 90\/2024 Sb., kter\u00fd z\u00e1sadn\u011b m\u011bn\u00ed kategorizaci zbran\u00ed. P\u016fvodn\u00ed kategorie A\u2013E nahradil nov\u00fd syst\u00e9m.<\/p>\n<h3>Zbran\u011b podl\u00e9haj\u00edc\u00ed registraci (R)<\/h3>\n<div class=\"su-spoiler su-spoiler-style-default su-spoiler-icon-plus su-spoiler-closed\" data-scroll-offset=\"0\" data-anchor-in-url=\"no\"><div class=\"su-spoiler-title\" tabindex=\"0\" role=\"button\"><span class=\"su-spoiler-icon\"><\/span>R1 \u2014 zak\u00e1zan\u00e9 zbran\u011b<\/div><div class=\"su-spoiler-content su-u-clearfix su-u-trim\">\nZbran\u011b, jejich\u017e dr\u017een\u00ed je zak\u00e1z\u00e1no (samo\u010dinn\u00e9 zbran\u011b, z\u00e1ke\u0159n\u00e9 zbran\u011b, n\u00e1strahov\u00e1 za\u0159\u00edzen\u00ed apod.). V\u00fdjimku m\u016f\u017ee ud\u011blit policie.<br \/>\n<\/div><\/div>\n<div class=\"su-spoiler su-spoiler-style-default su-spoiler-icon-plus su-spoiler-closed\" data-scroll-offset=\"0\" data-anchor-in-url=\"no\"><div class=\"su-spoiler-title\" tabindex=\"0\" role=\"button\"><span class=\"su-spoiler-icon\"><\/span>R2 \u2014 zbran\u011b s v\u00fdjimkou<\/div><div class=\"su-spoiler-content su-u-clearfix su-u-trim\">\nZbran\u011b, kter\u00e9 lze dr\u017eet na z\u00e1klad\u011b v\u00fdjimky (odpov\u00edd\u00e1 d\u0159\u00edv\u011bj\u0161\u00ed kategorii A-I).<br \/>\n<\/div><\/div>\n<div class=\"su-spoiler su-spoiler-style-default su-spoiler-icon-plus su-spoiler-closed\" data-scroll-offset=\"0\" data-anchor-in-url=\"no\"><div class=\"su-spoiler-title\" tabindex=\"0\" role=\"button\"><span class=\"su-spoiler-icon\"><\/span>R3 \u2014 zbran\u011b na povolen\u00ed<\/div><div class=\"su-spoiler-content su-u-clearfix su-u-trim\">\nKr\u00e1tk\u00e9 samonab\u00edjec\u00ed paln\u00e9 zbran\u011b, dlouh\u00e9 zbran\u011b s kapacitou v\u00edce ne\u017e 3 n\u00e1boje, sign\u00e1ln\u00ed zbran\u011b nad 16 mm. Odpov\u00edd\u00e1 d\u0159\u00edv\u011bj\u0161\u00ed kategorii B. Pro jejich nabyt\u00ed pot\u0159ebujete zbrojn\u00ed opr\u00e1vn\u011bn\u00ed a n\u00e1kupn\u00ed povolen\u00ed (veden\u00e9 elektronicky v CRZ).<br \/>\n<\/div><\/div>\n<div class=\"su-spoiler su-spoiler-style-default su-spoiler-icon-plus su-spoiler-closed\" data-scroll-offset=\"0\" data-anchor-in-url=\"no\"><div class=\"su-spoiler-title\" tabindex=\"0\" role=\"button\"><span class=\"su-spoiler-icon\"><\/span>R4 \u2014 zbran\u011b podl\u00e9haj\u00edc\u00ed registraci<\/div><div class=\"su-spoiler-content su-u-clearfix su-u-trim\">\nBrokovnice, loveck\u00e9 kulovnice, tlumi\u010de hluku v\u00fdst\u0159elu a dal\u0161\u00ed. Odpov\u00edd\u00e1 d\u0159\u00edv\u011bj\u0161\u00ed kategorii C. Pro nabyt\u00ed sta\u010d\u00ed zbrojn\u00ed opr\u00e1vn\u011bn\u00ed bez n\u00e1kupn\u00edho povolen\u00ed, zbra\u0148 se registruje v CRZ.<br \/>\n<\/div><\/div>\n<h3>Ostatn\u00ed zbran\u011b<\/h3>\n<div class=\"su-spoiler su-spoiler-style-default su-spoiler-icon-plus su-spoiler-closed\" data-scroll-offset=\"0\" data-anchor-in-url=\"no\"><div class=\"su-spoiler-title\" tabindex=\"0\" role=\"button\"><span class=\"su-spoiler-icon\"><\/span>PO \u2014 zbran\u011b podl\u00e9haj\u00edc\u00ed ohl\u00e1\u0161en\u00ed<\/div><div class=\"su-spoiler-content su-u-clearfix su-u-trim\">\nPro n\u00e1kup nepot\u0159ebujete zbrojn\u00ed opr\u00e1vn\u011bn\u00ed, ale mus\u00edte m\u00edt v CRZ zapsanou autorizaci (policie ov\u011b\u0159\u00ed bez\u00fahonnost a spolehlivost). Do 10 pracovn\u00edch dn\u016f od n\u00e1kupu mus\u00edte zbra\u0148 ohl\u00e1sit na policii. Pat\u0159\u00ed sem nap\u0159. plynov\u00e9 zbran\u011b, paintballov\u00e9 zbran\u011b nad stanoven\u00fd limit apod.<br \/>\n<\/div><\/div>\n<div class=\"su-spoiler su-spoiler-style-default su-spoiler-icon-plus su-spoiler-closed\" data-scroll-offset=\"0\" data-anchor-in-url=\"no\"><div class=\"su-spoiler-title\" tabindex=\"0\" role=\"button\"><span class=\"su-spoiler-icon\"><\/span>NO \u2014 zbran\u011b nepodl\u00e9haj\u00edc\u00ed ohl\u00e1\u0161en\u00ed<\/div><div class=\"su-spoiler-content su-u-clearfix su-u-trim\">\nVoln\u011b prodejn\u00e9 v\u0161em pr\u00e1vn\u011b zp\u016fsobil\u00fdm osob\u00e1m star\u0161\u00edm 18 let. Nepodl\u00e9haj\u00ed registraci ani ohl\u00e1\u0161en\u00ed. Pat\u0159\u00ed sem nap\u0159. historick\u00e9 zbran\u011b, mechanick\u00e9 zbran\u011b do 150 N, expanzn\u00ed zbran\u011b, airsoftov\u00e9 zbran\u011b a dal\u0161\u00ed.<br \/>\n<\/div><\/div>\n<h3>D\u016fle\u017eit\u00e9 zm\u011bny oproti d\u0159\u00edv\u011bj\u0161\u00ed \u00faprav\u011b<\/h3>\n<ul>\n<li><strong>Tlumi\u010de<\/strong> jsou nov\u011b v kategorii R4 \u2014 mus\u00ed b\u00fdt registrov\u00e1ny<\/li>\n<li><strong>N\u00e1kupn\u00ed povolen\u00ed<\/strong> u\u017e nen\u00ed fyzick\u00fd dokument \u2014 je vedeno elektronicky v Centr\u00e1ln\u00edm registru zbran\u00ed (CRZ)<\/li>\n<li>P\u0159i n\u00e1kupu se prokazujete <strong>ob\u010dansk\u00fdm pr\u016fkazem<\/strong> (i e-ob\u010dankou v mobilu)<\/li>\n<li>Prodejci maj\u00ed povinnost hl\u00e1sit podez\u0159el\u00e9 transakce<\/li>\n<\/ul>\n<p>Pro v\u00edce informac\u00ed o typech zbrojn\u00edho opr\u00e1vn\u011bn\u00ed nav\u0161tivte str\u00e1nku <a href=\"http:\/\/zbrojak-hradec.cz\/?page_id=65\">Typy zbrojn\u00edho opr\u00e1vn\u011bn\u00ed<\/a>.<\/p>\n","protected":false},"excerpt":{"rendered":"<p>Od 1. ledna 2026 plat\u00ed nov\u00fd z\u00e1kon o zbran\u00edch \u010d. 90\/2024 Sb., kter\u00fd z\u00e1sadn\u011b m\u011bn\u00ed kategorizaci zbran\u00ed. P\u016fvodn\u00ed kategorie A\u2013E nahradil nov\u00fd syst\u00e9m. Zbran\u011b podl\u00e9haj\u00edc\u00ed registraci (R) Ostatn\u00ed zbran\u011b D\u016fle\u017eit\u00e9 [&hellip;]<\/p>\n","protected":false},"author":1,"featured_media":0,"parent":0,"menu_order":0,"comment_status":"closed","ping_status":"closed","template":"page-fullwidth.php","meta":{"_acf_changed":false,"footnotes":""},"tags":[54,55,56,57,58,59,60,61,62,63,64,65,66,8],"class_list":["post-61","page","type-page","status-publish","hentry","tag-expanzni","tag-kategorie-zbrani","tag-kresadlove","tag-ohlaseni","tag-pcr","tag-plynove","tag-povolene","tag-skupiny-zbrani","tag-vojenske","tag-zakazane-zbrane","tag-zbrane-b","tag-zbrane-c","tag-zbrane-kategorie-a","tag-zbrojni-prukaz"],"acf":[],"yoast_head":"<!-- This site is optimized with the Yoast SEO plugin v25.3.1 - https:\/\/yoast.com\/wordpress\/plugins\/seo\/ -->\n<title>Kategorie zbran\u00ed - Zbroj\u00e1k Hradec Kr\u00e1lov\u00e9 - zbrojn\u00ed pr\u016fkazy<\/title>\n<meta name=\"robots\" content=\"index, follow, max-snippet:-1, max-image-preview:large, max-video-preview:-1\" \/>\n<link rel=\"canonical\" href=\"http:\/\/zbrojak-hradec.cz\/?page_id=61\" \/>\n<meta property=\"og:locale\" content=\"cs_CZ\" \/>\n<meta property=\"og:type\" content=\"article\" \/>\n<meta property=\"og:title\" content=\"Kategorie zbran\u00ed - Zbroj\u00e1k Hradec Kr\u00e1lov\u00e9 - zbrojn\u00ed pr\u016fkazy\" \/>\n<meta property=\"og:description\" content=\"Od 1. ledna 2026 plat\u00ed nov\u00fd z\u00e1kon o zbran\u00edch \u010d. 90\/2024 Sb., kter\u00fd z\u00e1sadn\u011b m\u011bn\u00ed kategorizaci zbran\u00ed. P\u016fvodn\u00ed kategorie A\u2013E nahradil nov\u00fd syst\u00e9m. Zbran\u011b podl\u00e9haj\u00edc\u00ed registraci (R) Ostatn\u00ed zbran\u011b D\u016fle\u017eit\u00e9 [&hellip;]\" \/>\n<meta property=\"og:url\" content=\"http:\/\/zbrojak-hradec.cz\/?page_id=61\" \/>\n<meta property=\"og:site_name\" content=\"Zbroj\u00e1k Hradec Kr\u00e1lov\u00e9 - zbrojn\u00ed pr\u016fkazy\" \/>\n<meta property=\"article:publisher\" content=\"https:\/\/www.facebook.com\/Zbroj%c3%a1k-Hradec-Kr%c3%a1lov%c3%a9-1187360928059073\/?fref=ts\" \/>\n<meta property=\"article:modified_time\" content=\"2026-03-16T11:42:42+00:00\" \/>\n<meta name=\"twitter:card\" content=\"summary_large_image\" \/>\n<meta name=\"twitter:label1\" content=\"Odhadovan\u00e1 doba \u010dten\u00ed\" \/>\n\t<meta name=\"twitter:data1\" content=\"2 minuty\" \/>\n<script type=\"application\/ld+json\" class=\"yoast-schema-graph\">{\"@context\":\"https:\/\/schema.org\",\"@graph\":[{\"@type\":\"WebPage\",\"@id\":\"http:\/\/zbrojak-hradec.cz\/?page_id=61\",\"url\":\"http:\/\/zbrojak-hradec.cz\/?page_id=61\",\"name\":\"Kategorie zbran\u00ed - Zbroj\u00e1k Hradec Kr\u00e1lov\u00e9 - zbrojn\u00ed pr\u016fkazy\",\"isPartOf\":{\"@id\":\"https:\/\/zbrojak-hradec.cz\/#website\"},\"datePublished\":\"2017-04-27T08:14:02+00:00\",\"dateModified\":\"2026-03-16T11:42:42+00:00\",\"breadcrumb\":{\"@id\":\"http:\/\/zbrojak-hradec.cz\/?page_id=61#breadcrumb\"},\"inLanguage\":\"cs\",\"potentialAction\":[{\"@type\":\"ReadAction\",\"target\":[\"http:\/\/zbrojak-hradec.cz\/?page_id=61\"]}]},{\"@type\":\"BreadcrumbList\",\"@id\":\"http:\/\/zbrojak-hradec.cz\/?page_id=61#breadcrumb\",\"itemListElement\":[{\"@type\":\"ListItem\",\"position\":1,\"name\":\"Dom\u016f\",\"item\":\"https:\/\/zbrojak-hradec.cz\/\"},{\"@type\":\"ListItem\",\"position\":2,\"name\":\"Kategorie zbran\u00ed\"}]},{\"@type\":\"WebSite\",\"@id\":\"https:\/\/zbrojak-hradec.cz\/#website\",\"url\":\"https:\/\/zbrojak-hradec.cz\/\",\"name\":\"Zbroj\u00e1k Hradec Kr\u00e1lov\u00e9 - zbrojn\u00ed pr\u016fkazy\",\"description\":\"Kurzy ke z\u00edsk\u00e1n\u00ed ZP v Hradci Kr\u00e1lov\u00e9 a okol\u00ed\",\"potentialAction\":[{\"@type\":\"SearchAction\",\"target\":{\"@type\":\"EntryPoint\",\"urlTemplate\":\"https:\/\/zbrojak-hradec.cz\/?s={search_term_string}\"},\"query-input\":{\"@type\":\"PropertyValueSpecification\",\"valueRequired\":true,\"valueName\":\"search_term_string\"}}],\"inLanguage\":\"cs\"}]}<\/script>\n<!-- \/ Yoast SEO plugin. -->","yoast_head_json":{"title":"Kategorie zbran\u00ed - Zbroj\u00e1k Hradec Kr\u00e1lov\u00e9 - zbrojn\u00ed pr\u016fkazy","robots":{"index":"index","follow":"follow","max-snippet":"max-snippet:-1","max-image-preview":"max-image-preview:large","max-video-preview":"max-video-preview:-1"},"canonical":"http:\/\/zbrojak-hradec.cz\/?page_id=61","og_locale":"cs_CZ","og_type":"article","og_title":"Kategorie zbran\u00ed - Zbroj\u00e1k Hradec Kr\u00e1lov\u00e9 - zbrojn\u00ed pr\u016fkazy","og_description":"Od 1. ledna 2026 plat\u00ed nov\u00fd z\u00e1kon o zbran\u00edch \u010d. 90\/2024 Sb., kter\u00fd z\u00e1sadn\u011b m\u011bn\u00ed kategorizaci zbran\u00ed. P\u016fvodn\u00ed kategorie A\u2013E nahradil nov\u00fd syst\u00e9m. Zbran\u011b podl\u00e9haj\u00edc\u00ed registraci (R) Ostatn\u00ed zbran\u011b D\u016fle\u017eit\u00e9 [&hellip;]","og_url":"http:\/\/zbrojak-hradec.cz\/?page_id=61","og_site_name":"Zbroj\u00e1k Hradec Kr\u00e1lov\u00e9 - zbrojn\u00ed pr\u016fkazy","article_publisher":"https:\/\/www.facebook.com\/Zbroj%c3%a1k-Hradec-Kr%c3%a1lov%c3%a9-1187360928059073\/?fref=ts","article_modified_time":"2026-03-16T11:42:42+00:00","twitter_card":"summary_large_image","twitter_misc":{"Odhadovan\u00e1 doba \u010dten\u00ed":"2 minuty"},"schema":{"@context":"https:\/\/schema.org","@graph":[{"@type":"WebPage","@id":"http:\/\/zbrojak-hradec.cz\/?page_id=61","url":"http:\/\/zbrojak-hradec.cz\/?page_id=61","name":"Kategorie zbran\u00ed - Zbroj\u00e1k Hradec Kr\u00e1lov\u00e9 - zbrojn\u00ed pr\u016fkazy","isPartOf":{"@id":"https:\/\/zbrojak-hradec.cz\/#website"},"datePublished":"2017-04-27T08:14:02+00:00","dateModified":"2026-03-16T11:42:42+00:00","breadcrumb":{"@id":"http:\/\/zbrojak-hradec.cz\/?page_id=61#breadcrumb"},"inLanguage":"cs","potentialAction":[{"@type":"ReadAction","target":["http:\/\/zbrojak-hradec.cz\/?page_id=61"]}]},{"@type":"BreadcrumbList","@id":"http:\/\/zbrojak-hradec.cz\/?page_id=61#breadcrumb","itemListElement":[{"@type":"ListItem","position":1,"name":"Dom\u016f","item":"https:\/\/zbrojak-hradec.cz\/"},{"@type":"ListItem","position":2,"name":"Kategorie zbran\u00ed"}]},{"@type":"WebSite","@id":"https:\/\/zbrojak-hradec.cz\/#website","url":"https:\/\/zbrojak-hradec.cz\/","name":"Zbroj\u00e1k Hradec Kr\u00e1lov\u00e9 - zbrojn\u00ed pr\u016fkazy","description":"Kurzy ke z\u00edsk\u00e1n\u00ed ZP v Hradci Kr\u00e1lov\u00e9 a okol\u00ed","potentialAction":[{"@type":"SearchAction","target":{"@type":"EntryPoint","urlTemplate":"https:\/\/zbrojak-hradec.cz\/?s={search_term_string}"},"query-input":{"@type":"PropertyValueSpecification","valueRequired":true,"valueName":"search_term_string"}}],"inLanguage":"cs"}]}},"_links":{"self":[{"href":"https:\/\/zbrojak-hradec.cz\/index.php?rest_route=\/wp\/v2\/pages\/61","targetHints":{"allow":["GET"]}}],"collection":[{"href":"https:\/\/zbrojak-hradec.cz\/index.php?rest_route=\/wp\/v2\/pages"}],"about":[{"href":"https:\/\/zbrojak-hradec.cz\/index.php?rest_route=\/wp\/v2\/types\/page"}],"author":[{"embeddable":true,"href":"https:\/\/zbrojak-hradec.cz\/index.php?rest_route=\/wp\/v2\/users\/1"}],"replies":[{"embeddable":true,"href":"https:\/\/zbrojak-hradec.cz\/index.php?rest_route=%2Fwp%2Fv2%2Fcomments&post=61"}],"version-history":[{"count":3,"href":"https:\/\/zbrojak-hradec.cz\/index.php?rest_route=\/wp\/v2\/pages\/61\/revisions"}],"predecessor-version":[{"id":576,"href":"https:\/\/zbrojak-hradec.cz\/index.php?rest_route=\/wp\/v2\/pages\/61\/revisions\/576"}],"wp:attachment":[{"href":"https:\/\/zbrojak-hradec.cz\/index.php?rest_route=%2Fwp%2Fv2%2Fmedia&parent=61"}],"wp:term":[{"taxonomy":"post_tag","embeddable":true,"href":"https:\/\/zbrojak-hradec.cz\/index.php?rest_route=%2Fwp%2Fv2%2Ftags&post=61"}],"curies":[{"name":"wp","href":"https:\/\/api.w.org\/{rel}","templated":true}]}}