{"id":63,"date":"2017-04-27T10:16:02","date_gmt":"2017-04-27T08:16:02","guid":{"rendered":"http:\/\/zbrojak-hradec.cz\/?page_id=63"},"modified":"2026-03-16T12:47:04","modified_gmt":"2026-03-16T11:47:04","slug":"postup-pri-nakupu-zbrane","status":"publish","type":"page","link":"https:\/\/zbrojak-hradec.cz\/?page_id=63","title":{"rendered":"Postup p\u0159i n\u00e1kupu zbran\u011b"},"content":{"rendered":"<h3>N\u00e1kup zbran\u011b od roku 2026<\/h3>\n<p>Od 1. ledna 2026 plat\u00ed nov\u00fd z\u00e1kon \u010d. 90\/2024 Sb. Z\u00e1sadn\u00ed zm\u011bnou je <strong>digitalizace<\/strong> \u2014 ve\u0161ker\u00e1 agenda prob\u00edh\u00e1 elektronicky p\u0159es Centr\u00e1ln\u00ed registr zbran\u00ed (CRZ). Fyzick\u00e9 n\u00e1kupn\u00ed povolen\u00ed ani pr\u016fkaz zbran\u011b se ji\u017e nevyd\u00e1vaj\u00ed.<\/p>\n<h3>Postup p\u0159i n\u00e1kupu zbran\u011b kategorie R3 (na povolen\u00ed)<\/h3>\n<p>Pokud chcete koupit zbra\u0148 kategorie R3 (kr\u00e1tk\u00e9 samonab\u00edjec\u00ed zbran\u011b, tj. v\u011bt\u0161ina pistol\u00ed a revolver\u016f), pot\u0159ebujete:<\/p>\n<ol>\n<li><strong>M\u00edt zbrojn\u00ed opr\u00e1vn\u011bn\u00ed<\/strong> \u2014 to je z\u00e1kladn\u00ed p\u0159edpoklad<\/li>\n<li><strong>Po\u017e\u00e1dat o n\u00e1kupn\u00ed povolen\u00ed<\/strong> \u2014 \u017e\u00e1dost pod\u00e1te na kter\u00e9mkoliv odd\u011blen\u00ed slu\u017eby pro zbran\u011b, st\u0159elivo a munici (OSZBM) P\u010cR. N\u00e1kupn\u00ed povolen\u00ed se nevyd\u00e1v\u00e1 fyzicky \u2014 je vedeno elektronicky v CRZ. Platnost 12 m\u011bs\u00edc\u016f.<\/li>\n<li><strong>Koupit zbra\u0148<\/strong> \u2014 v prodejn\u011b se prok\u00e1\u017eete ob\u010dansk\u00fdm pr\u016fkazem (i e-ob\u010dankou v mobilu). Prodejce ov\u011b\u0159\u00ed va\u0161e opr\u00e1vn\u011bn\u00ed a povolen\u00ed v CRZ.<\/li>\n<li><strong>Registrace zbran\u011b<\/strong> \u2014 do 10 pracovn\u00edch dn\u016f od n\u00e1kupu mus\u00edte zbra\u0148 zaregistrovat na OSZBM P\u010cR. Do registrace se zbran\u00ed nest\u0159\u00edl\u00edte.<\/li>\n<\/ol>\n<h3>Postup p\u0159i n\u00e1kupu zbran\u011b kategorie R4 (na registraci)<\/h3>\n<p>U zbran\u00ed kategorie R4 (brokovnice, loveck\u00e9 kulovnice, tlumi\u010de) <strong>nepot\u0159ebujete n\u00e1kupn\u00ed povolen\u00ed<\/strong>. Sta\u010d\u00ed zbrojn\u00ed opr\u00e1vn\u011bn\u00ed. Po n\u00e1kupu zbra\u0148 do 10 pracovn\u00edch dn\u016f zaregistrujete.<\/p>\n<h3>N\u00e1kup zbran\u011b kategorie PO (na ohl\u00e1\u0161en\u00ed)<\/h3>\n<p>Pro zbran\u011b kategorie PO (nap\u0159. plynov\u00e9 zbran\u011b) <strong>nepot\u0159ebujete zbrojn\u00ed opr\u00e1vn\u011bn\u00ed<\/strong>, ale mus\u00edte m\u00edt v CRZ zapsanou autorizaci. Tu z\u00edsk\u00e1te jednor\u00e1zov\u011b na P\u010cR (ov\u011b\u0159en\u00ed bez\u00fahonnosti). Po n\u00e1kupu ohl\u00e1s\u00edte zbra\u0148 do 10 pracovn\u00edch dn\u016f.<\/p>\n<h3>Zbran\u011b kategorie NO (voln\u011b prodejn\u00e9)<\/h3>\n<p>Zbran\u011b nepodl\u00e9haj\u00edc\u00ed ohl\u00e1\u0161en\u00ed si m\u016f\u017ee koupit ka\u017ed\u00e1 sv\u00e9pr\u00e1vn\u00e1 osoba star\u0161\u00ed 18 let bez jak\u00e9hokoliv opr\u00e1vn\u011bn\u00ed.<\/p>\n<h3>Co se zm\u011bnilo oproti d\u0159\u00edv\u011bj\u0161ku<\/h3>\n<ul>\n<li><strong>\u017d\u00e1dn\u00e1 m\u00edstn\u00ed p\u0159\u00edslu\u0161nost<\/strong> \u2014 v\u0161e vy\u0159\u00edd\u00edte na kter\u00e9mkoliv OSZBM v \u010cR<\/li>\n<li><strong>\u017d\u00e1dn\u00e9 pap\u00edrov\u00e9 doklady<\/strong> \u2014 n\u00e1kupn\u00ed povolen\u00ed i registrace jsou v CRZ<\/li>\n<li>Prokazujete se <strong>ob\u010dansk\u00fdm pr\u016fkazem<\/strong><\/li>\n<li><strong>Vedlej\u0161\u00ed dr\u017eitel<\/strong> \u2014 nov\u011b m\u016f\u017eete ke sv\u00e9 zbrani zapsat vedlej\u0161\u00edho dr\u017eitele (nap\u0159. partnera, potomka)<\/li>\n<\/ul>\n<h3>N\u00e1kup zbran\u011b od soukrom\u00e9 osoby<\/h3>\n<p>Postup je obdobn\u00fd jako p\u0159i n\u00e1kupu v obchod\u011b. P\u0159evod zbran\u011b prob\u00edh\u00e1 p\u0159es CRZ. Ob\u011b strany se dostav\u00ed na OSZBM P\u010cR nebo prod\u00e1vaj\u00edc\u00ed ode\u0161le zbra\u0148 p\u0159es prodejce.<\/p>\n","protected":false},"excerpt":{"rendered":"<p>N\u00e1kup zbran\u011b od roku 2026 Od 1. ledna 2026 plat\u00ed nov\u00fd z\u00e1kon \u010d. 90\/2024 Sb. Z\u00e1sadn\u00ed zm\u011bnou je digitalizace \u2014 ve\u0161ker\u00e1 agenda prob\u00edh\u00e1 elektronicky p\u0159es Centr\u00e1ln\u00ed registr zbran\u00ed (CRZ). Fyzick\u00e9 [&hellip;]<\/p>\n","protected":false},"author":1,"featured_media":0,"parent":0,"menu_order":0,"comment_status":"closed","ping_status":"closed","template":"page-fullwidth.php","meta":{"_acf_changed":false,"footnotes":""},"tags":[73,67,68,69,70,71,58,72,6,20,7,9,34],"class_list":["post-63","page","type-page","status-publish","hentry","tag-hradec-kralove","tag-jak-koupit-zbran","tag-kategorie-b","tag-nakup","tag-nakupni-povoleni","tag-np","tag-pcr","tag-zbrane","tag-zbrojak","tag-zbrojak-hradec","tag-zbrojni-pas","tag-zp","tag-zp-hradec"],"acf":[],"yoast_head":"<!-- This site is optimized with the Yoast SEO plugin v25.3.1 - https:\/\/yoast.com\/wordpress\/plugins\/seo\/ -->\n<title>Postup p\u0159i n\u00e1kupu zbran\u011b - Zbroj\u00e1k Hradec Kr\u00e1lov\u00e9 - zbrojn\u00ed pr\u016fkazy<\/title>\n<meta name=\"robots\" content=\"index, follow, max-snippet:-1, max-image-preview:large, max-video-preview:-1\" \/>\n<link rel=\"canonical\" href=\"http:\/\/zbrojak-hradec.cz\/?page_id=63\" \/>\n<meta property=\"og:locale\" content=\"cs_CZ\" \/>\n<meta property=\"og:type\" content=\"article\" \/>\n<meta property=\"og:title\" content=\"Postup p\u0159i n\u00e1kupu zbran\u011b - Zbroj\u00e1k Hradec Kr\u00e1lov\u00e9 - zbrojn\u00ed pr\u016fkazy\" \/>\n<meta property=\"og:description\" content=\"N\u00e1kup zbran\u011b od roku 2026 Od 1. ledna 2026 plat\u00ed nov\u00fd z\u00e1kon \u010d. 90\/2024 Sb. Z\u00e1sadn\u00ed zm\u011bnou je digitalizace \u2014 ve\u0161ker\u00e1 agenda prob\u00edh\u00e1 elektronicky p\u0159es Centr\u00e1ln\u00ed registr zbran\u00ed (CRZ). Fyzick\u00e9 [&hellip;]\" \/>\n<meta property=\"og:url\" content=\"http:\/\/zbrojak-hradec.cz\/?page_id=63\" \/>\n<meta property=\"og:site_name\" content=\"Zbroj\u00e1k Hradec Kr\u00e1lov\u00e9 - zbrojn\u00ed pr\u016fkazy\" \/>\n<meta property=\"article:publisher\" content=\"https:\/\/www.facebook.com\/Zbroj%c3%a1k-Hradec-Kr%c3%a1lov%c3%a9-1187360928059073\/?fref=ts\" \/>\n<meta property=\"article:modified_time\" content=\"2026-03-16T11:47:04+00:00\" \/>\n<meta name=\"twitter:card\" content=\"summary_large_image\" \/>\n<meta name=\"twitter:label1\" content=\"Odhadovan\u00e1 doba \u010dten\u00ed\" \/>\n\t<meta name=\"twitter:data1\" content=\"2 minuty\" \/>\n<script type=\"application\/ld+json\" class=\"yoast-schema-graph\">{\"@context\":\"https:\/\/schema.org\",\"@graph\":[{\"@type\":\"WebPage\",\"@id\":\"http:\/\/zbrojak-hradec.cz\/?page_id=63\",\"url\":\"http:\/\/zbrojak-hradec.cz\/?page_id=63\",\"name\":\"Postup p\u0159i n\u00e1kupu zbran\u011b - Zbroj\u00e1k Hradec Kr\u00e1lov\u00e9 - zbrojn\u00ed pr\u016fkazy\",\"isPartOf\":{\"@id\":\"https:\/\/zbrojak-hradec.cz\/#website\"},\"datePublished\":\"2017-04-27T08:16:02+00:00\",\"dateModified\":\"2026-03-16T11:47:04+00:00\",\"breadcrumb\":{\"@id\":\"http:\/\/zbrojak-hradec.cz\/?page_id=63#breadcrumb\"},\"inLanguage\":\"cs\",\"potentialAction\":[{\"@type\":\"ReadAction\",\"target\":[\"http:\/\/zbrojak-hradec.cz\/?page_id=63\"]}]},{\"@type\":\"BreadcrumbList\",\"@id\":\"http:\/\/zbrojak-hradec.cz\/?page_id=63#breadcrumb\",\"itemListElement\":[{\"@type\":\"ListItem\",\"position\":1,\"name\":\"Dom\u016f\",\"item\":\"https:\/\/zbrojak-hradec.cz\/\"},{\"@type\":\"ListItem\",\"position\":2,\"name\":\"Postup p\u0159i n\u00e1kupu zbran\u011b\"}]},{\"@type\":\"WebSite\",\"@id\":\"https:\/\/zbrojak-hradec.cz\/#website\",\"url\":\"https:\/\/zbrojak-hradec.cz\/\",\"name\":\"Zbroj\u00e1k Hradec Kr\u00e1lov\u00e9 - zbrojn\u00ed pr\u016fkazy\",\"description\":\"Kurzy ke z\u00edsk\u00e1n\u00ed ZP v Hradci Kr\u00e1lov\u00e9 a okol\u00ed\",\"potentialAction\":[{\"@type\":\"SearchAction\",\"target\":{\"@type\":\"EntryPoint\",\"urlTemplate\":\"https:\/\/zbrojak-hradec.cz\/?s={search_term_string}\"},\"query-input\":{\"@type\":\"PropertyValueSpecification\",\"valueRequired\":true,\"valueName\":\"search_term_string\"}}],\"inLanguage\":\"cs\"}]}<\/script>\n<!-- \/ Yoast SEO plugin. -->","yoast_head_json":{"title":"Postup p\u0159i n\u00e1kupu zbran\u011b - Zbroj\u00e1k Hradec Kr\u00e1lov\u00e9 - zbrojn\u00ed pr\u016fkazy","robots":{"index":"index","follow":"follow","max-snippet":"max-snippet:-1","max-image-preview":"max-image-preview:large","max-video-preview":"max-video-preview:-1"},"canonical":"http:\/\/zbrojak-hradec.cz\/?page_id=63","og_locale":"cs_CZ","og_type":"article","og_title":"Postup p\u0159i n\u00e1kupu zbran\u011b - Zbroj\u00e1k Hradec Kr\u00e1lov\u00e9 - zbrojn\u00ed pr\u016fkazy","og_description":"N\u00e1kup zbran\u011b od roku 2026 Od 1. ledna 2026 plat\u00ed nov\u00fd z\u00e1kon \u010d. 90\/2024 Sb. Z\u00e1sadn\u00ed zm\u011bnou je digitalizace \u2014 ve\u0161ker\u00e1 agenda prob\u00edh\u00e1 elektronicky p\u0159es Centr\u00e1ln\u00ed registr zbran\u00ed (CRZ). Fyzick\u00e9 [&hellip;]","og_url":"http:\/\/zbrojak-hradec.cz\/?page_id=63","og_site_name":"Zbroj\u00e1k Hradec Kr\u00e1lov\u00e9 - zbrojn\u00ed pr\u016fkazy","article_publisher":"https:\/\/www.facebook.com\/Zbroj%c3%a1k-Hradec-Kr%c3%a1lov%c3%a9-1187360928059073\/?fref=ts","article_modified_time":"2026-03-16T11:47:04+00:00","twitter_card":"summary_large_image","twitter_misc":{"Odhadovan\u00e1 doba \u010dten\u00ed":"2 minuty"},"schema":{"@context":"https:\/\/schema.org","@graph":[{"@type":"WebPage","@id":"http:\/\/zbrojak-hradec.cz\/?page_id=63","url":"http:\/\/zbrojak-hradec.cz\/?page_id=63","name":"Postup p\u0159i n\u00e1kupu zbran\u011b - Zbroj\u00e1k Hradec Kr\u00e1lov\u00e9 - zbrojn\u00ed pr\u016fkazy","isPartOf":{"@id":"https:\/\/zbrojak-hradec.cz\/#website"},"datePublished":"2017-04-27T08:16:02+00:00","dateModified":"2026-03-16T11:47:04+00:00","breadcrumb":{"@id":"http:\/\/zbrojak-hradec.cz\/?page_id=63#breadcrumb"},"inLanguage":"cs","potentialAction":[{"@type":"ReadAction","target":["http:\/\/zbrojak-hradec.cz\/?page_id=63"]}]},{"@type":"BreadcrumbList","@id":"http:\/\/zbrojak-hradec.cz\/?page_id=63#breadcrumb","itemListElement":[{"@type":"ListItem","position":1,"name":"Dom\u016f","item":"https:\/\/zbrojak-hradec.cz\/"},{"@type":"ListItem","position":2,"name":"Postup p\u0159i n\u00e1kupu zbran\u011b"}]},{"@type":"WebSite","@id":"https:\/\/zbrojak-hradec.cz\/#website","url":"https:\/\/zbrojak-hradec.cz\/","name":"Zbroj\u00e1k Hradec Kr\u00e1lov\u00e9 - zbrojn\u00ed pr\u016fkazy","description":"Kurzy ke z\u00edsk\u00e1n\u00ed ZP v Hradci Kr\u00e1lov\u00e9 a okol\u00ed","potentialAction":[{"@type":"SearchAction","target":{"@type":"EntryPoint","urlTemplate":"https:\/\/zbrojak-hradec.cz\/?s={search_term_string}"},"query-input":{"@type":"PropertyValueSpecification","valueRequired":true,"valueName":"search_term_string"}}],"inLanguage":"cs"}]}},"_links":{"self":[{"href":"https:\/\/zbrojak-hradec.cz\/index.php?rest_route=\/wp\/v2\/pages\/63","targetHints":{"allow":["GET"]}}],"collection":[{"href":"https:\/\/zbrojak-hradec.cz\/index.php?rest_route=\/wp\/v2\/pages"}],"about":[{"href":"https:\/\/zbrojak-hradec.cz\/index.php?rest_route=\/wp\/v2\/types\/page"}],"author":[{"embeddable":true,"href":"https:\/\/zbrojak-hradec.cz\/index.php?rest_route=\/wp\/v2\/users\/1"}],"replies":[{"embeddable":true,"href":"https:\/\/zbrojak-hradec.cz\/index.php?rest_route=%2Fwp%2Fv2%2Fcomments&post=63"}],"version-history":[{"count":4,"href":"https:\/\/zbrojak-hradec.cz\/index.php?rest_route=\/wp\/v2\/pages\/63\/revisions"}],"predecessor-version":[{"id":577,"href":"https:\/\/zbrojak-hradec.cz\/index.php?rest_route=\/wp\/v2\/pages\/63\/revisions\/577"}],"wp:attachment":[{"href":"https:\/\/zbrojak-hradec.cz\/index.php?rest_route=%2Fwp%2Fv2%2Fmedia&parent=63"}],"wp:term":[{"taxonomy":"post_tag","embeddable":true,"href":"https:\/\/zbrojak-hradec.cz\/index.php?rest_route=%2Fwp%2Fv2%2Ftags&post=63"}],"curies":[{"name":"wp","href":"https:\/\/api.w.org\/{rel}","templated":true}]}}