{"id":67,"date":"2017-04-27T10:23:58","date_gmt":"2017-04-27T08:23:58","guid":{"rendered":"http:\/\/zbrojak-hradec.cz\/?page_id=67"},"modified":"2026-03-16T13:33:02","modified_gmt":"2026-03-16T12:33:02","slug":"zahajeni-noveho-kurzu","status":"publish","type":"page","link":"https:\/\/zbrojak-hradec.cz\/?page_id=67","title":{"rendered":"Zah\u00e1jen\u00ed nov\u00e9ho kurzu"},"content":{"rendered":"<h3 style=\"text-align: center;\">Zah\u00e1jen\u00ed nov\u00e9ho kurzu pro z\u00edsk\u00e1n\u00ed zbrojn\u00edho opr\u00e1vn\u011bn\u00ed prob\u011bhne:<\/h3>\n<h2 style=\"text-align: center;\">(term\u00edny naleznete v <a href=\"https:\/\/zbrojak-hradec.cz\/?page_id=204\">z\u00e1lo\u017ece kurzy<\/a>)<\/h2>\n<h4 style=\"text-align: center;\"><\/h4>\n<p style=\"text-align: center;\">kurz po\u0159\u00e1d\u00e1 spole\u010dnost<\/p>\n<p style=\"text-align: center;\"><strong>Id-Tech, s.r.o.<\/strong><\/p>\n<p style=\"text-align: center;\"><span class=\"st\"><em>kurz prob\u011bhne v prostor\u00e1ch<br \/>\n<strong>Zasedac\u00ed m\u00edstnost<\/strong><br \/>\n<\/em><\/span><span class=\"st\"><em>Plaveck\u00fd baz\u00e9n 50 m<br \/>\nEli\u0161\u010dino n\u00e1b\u0159e\u017e\u00ed 842<br \/>\nHradec Kr\u00e1lov\u00e9<br \/>\n<\/em><\/span><\/p>\n<p style=\"text-align: center;\"><a href=\"https:\/\/www.facebook.com\/zbrojakhradec\/\">Sledujte n\u00e1\u0161 FACEBOOK<\/a><\/p>\n<p style=\"text-align: center;\"><a href=\"http:\/\/zbrojak-hradec.cz\/?page_id=39\">viz. kontakt<\/a><\/p>\n<p style=\"text-align: center;\"><strong>Mus\u00edm se dop\u0159edu p\u0159ihl\u00e1sit?<\/strong><\/p>\n<p style=\"text-align: center;\">Ano. Vzhledem ke kapacit\u011b u\u010debny je pot\u0159eba vyplnit a zaslat registra\u010dn\u00ed formul\u00e1\u0159<\/p>\n<p style=\"text-align: center;\"><a href=\"https:\/\/zbrojak-hradec.cz\/?page_id=204\" class=\"su-button su-button-style-default\" style=\"color:#FFFFFF;background-color:#52BE82;border-color:#429868;border-radius:10px\" target=\"_self\"><span style=\"color:#FFFFFF;padding:8px 26px;font-size:20px;line-height:30px;border-color:#86d2a8;border-radius:10px;text-shadow:none\"><i class=\"sui sui-paper-plane\" style=\"font-size:20px;color:#ffffff\"><\/i> P\u0159ihl\u00e1\u0161ka do kurzu<\/span><\/a>\n<p style=\"text-align: center;\"><strong>Co pot\u0159ebuji sebou?<\/strong><\/p>\n<p style=\"text-align: center;\">Ob\u010dansk\u00fd pr\u016fkaz<\/p>\n<p style=\"text-align: center;\">Pen\u00edze k uhrazen\u00ed kurzu (2 800 K\u010d)<\/p>\n<p style=\"text-align: center;\"><a href=\"http:\/\/zbrojak-hradec.cz\/?page_id=37\" class=\"su-button su-button-style-default\" style=\"color:#FFFFFF;background-color:#DD3333;border-color:#b12929;border-radius:10px\" target=\"_self\"><span style=\"color:#FFFFFF;padding:8px 26px;font-size:20px;line-height:30px;border-color:#e87171;border-radius:10px;text-shadow:none\"><i class=\"sui sui-arrow-circle-right\" style=\"font-size:20px;color:#ffffff\"><\/i> Kdo se m\u016f\u017ee p\u0159ihl\u00e1sit<\/span><\/a> <a href=\"http:\/\/zbrojak-hradec.cz\/?page_id=35\" class=\"su-button su-button-style-default\" style=\"color:#FFFFFF;background-color:#DD3333;border-color:#b12929;border-radius:10px\" target=\"_self\"><span style=\"color:#FFFFFF;padding:8px 26px;font-size:20px;line-height:30px;border-color:#e87171;border-radius:10px;text-shadow:none\"><i class=\"sui sui-dollar\" style=\"font-size:20px;color:#ffffff\"><\/i> Kolik to stoj\u00ed<\/span><\/a> <a href=\"http:\/\/zbrojak-hradec.cz\/?page_id=4\" class=\"su-button su-button-style-default\" style=\"color:#FFFFFF;background-color:#DD3333;border-color:#b12929;border-radius:10px\" target=\"_self\"><span style=\"color:#FFFFFF;padding:8px 26px;font-size:20px;line-height:30px;border-color:#e87171;border-radius:10px;text-shadow:none\"><i class=\"sui sui-graduation-cap\" style=\"font-size:20px;color:#ffffff\"><\/i> Jak kurz prob\u00edh\u00e1<\/span><\/a>\n<p style=\"text-align: center;\"><a href=\"http:\/\/zbrojak-hradec.cz\/?page_id=52\">M\u00e1te dotaz? Zkuste sekci Ot\u00e1zky a odpov\u011bdi<\/a><\/p>\n","protected":false},"excerpt":{"rendered":"<p>Zah\u00e1jen\u00ed nov\u00e9ho kurzu pro z\u00edsk\u00e1n\u00ed zbrojn\u00edho opr\u00e1vn\u011bn\u00ed prob\u011bhne: (term\u00edny naleznete v z\u00e1lo\u017ece kurzy) kurz po\u0159\u00e1d\u00e1 spole\u010dnost Id-Tech, s.r.o. kurz prob\u011bhne v prostor\u00e1ch Zasedac\u00ed m\u00edstnost Plaveck\u00fd baz\u00e9n 50 m Eli\u0161\u010dino n\u00e1b\u0159e\u017e\u00ed [&hellip;]<\/p>\n","protected":false},"author":1,"featured_media":0,"parent":0,"menu_order":0,"comment_status":"closed","ping_status":"closed","template":"page-fullwidth.php","meta":{"_acf_changed":false,"footnotes":""},"tags":[49,73,10,5,11,12,13,14,6,8,15,74],"class_list":["post-67","page","type-page","status-publish","hentry","tag-hk","tag-hradec-kralove","tag-jak-ziskat-zp","tag-kurz","tag-skupiny-zp","tag-vycvik-zbrane","tag-vycvik-zp","tag-zahajeni-kurzu","tag-zbrojak","tag-zbrojni-prukaz","tag-zbrojni-prukazy-hradec","tag-zp-hk"],"acf":[],"yoast_head":"<!-- This site is optimized with the Yoast SEO plugin v25.3.1 - https:\/\/yoast.com\/wordpress\/plugins\/seo\/ -->\n<title>Zah\u00e1jen\u00ed nov\u00e9ho kurzu - Zbroj\u00e1k Hradec Kr\u00e1lov\u00e9 - zbrojn\u00ed pr\u016fkazy<\/title>\n<meta name=\"robots\" content=\"index, follow, max-snippet:-1, max-image-preview:large, max-video-preview:-1\" \/>\n<link rel=\"canonical\" href=\"http:\/\/zbrojak-hradec.cz\/?page_id=67\" \/>\n<meta property=\"og:locale\" content=\"cs_CZ\" \/>\n<meta property=\"og:type\" content=\"article\" \/>\n<meta property=\"og:title\" content=\"Zah\u00e1jen\u00ed nov\u00e9ho kurzu - Zbroj\u00e1k Hradec Kr\u00e1lov\u00e9 - zbrojn\u00ed pr\u016fkazy\" \/>\n<meta property=\"og:description\" content=\"Zah\u00e1jen\u00ed nov\u00e9ho kurzu pro z\u00edsk\u00e1n\u00ed zbrojn\u00edho opr\u00e1vn\u011bn\u00ed prob\u011bhne: (term\u00edny naleznete v z\u00e1lo\u017ece kurzy) kurz po\u0159\u00e1d\u00e1 spole\u010dnost Id-Tech, s.r.o. kurz prob\u011bhne v prostor\u00e1ch Zasedac\u00ed m\u00edstnost Plaveck\u00fd baz\u00e9n 50 m Eli\u0161\u010dino n\u00e1b\u0159e\u017e\u00ed [&hellip;]\" \/>\n<meta property=\"og:url\" content=\"http:\/\/zbrojak-hradec.cz\/?page_id=67\" \/>\n<meta property=\"og:site_name\" content=\"Zbroj\u00e1k Hradec Kr\u00e1lov\u00e9 - zbrojn\u00ed pr\u016fkazy\" \/>\n<meta property=\"article:publisher\" content=\"https:\/\/www.facebook.com\/Zbroj%c3%a1k-Hradec-Kr%c3%a1lov%c3%a9-1187360928059073\/?fref=ts\" \/>\n<meta property=\"article:modified_time\" content=\"2026-03-16T12:33:02+00:00\" \/>\n<meta name=\"twitter:card\" content=\"summary_large_image\" \/>\n<meta name=\"twitter:label1\" content=\"Odhadovan\u00e1 doba \u010dten\u00ed\" \/>\n\t<meta name=\"twitter:data1\" content=\"1 minuta\" \/>\n<script type=\"application\/ld+json\" class=\"yoast-schema-graph\">{\"@context\":\"https:\/\/schema.org\",\"@graph\":[{\"@type\":\"WebPage\",\"@id\":\"http:\/\/zbrojak-hradec.cz\/?page_id=67\",\"url\":\"http:\/\/zbrojak-hradec.cz\/?page_id=67\",\"name\":\"Zah\u00e1jen\u00ed nov\u00e9ho kurzu - Zbroj\u00e1k Hradec Kr\u00e1lov\u00e9 - zbrojn\u00ed pr\u016fkazy\",\"isPartOf\":{\"@id\":\"https:\/\/zbrojak-hradec.cz\/#website\"},\"datePublished\":\"2017-04-27T08:23:58+00:00\",\"dateModified\":\"2026-03-16T12:33:02+00:00\",\"breadcrumb\":{\"@id\":\"http:\/\/zbrojak-hradec.cz\/?page_id=67#breadcrumb\"},\"inLanguage\":\"cs\",\"potentialAction\":[{\"@type\":\"ReadAction\",\"target\":[\"http:\/\/zbrojak-hradec.cz\/?page_id=67\"]}]},{\"@type\":\"BreadcrumbList\",\"@id\":\"http:\/\/zbrojak-hradec.cz\/?page_id=67#breadcrumb\",\"itemListElement\":[{\"@type\":\"ListItem\",\"position\":1,\"name\":\"Dom\u016f\",\"item\":\"https:\/\/zbrojak-hradec.cz\/\"},{\"@type\":\"ListItem\",\"position\":2,\"name\":\"Zah\u00e1jen\u00ed nov\u00e9ho kurzu\"}]},{\"@type\":\"WebSite\",\"@id\":\"https:\/\/zbrojak-hradec.cz\/#website\",\"url\":\"https:\/\/zbrojak-hradec.cz\/\",\"name\":\"Zbroj\u00e1k Hradec Kr\u00e1lov\u00e9 - zbrojn\u00ed pr\u016fkazy\",\"description\":\"Kurzy ke z\u00edsk\u00e1n\u00ed ZP v Hradci Kr\u00e1lov\u00e9 a okol\u00ed\",\"potentialAction\":[{\"@type\":\"SearchAction\",\"target\":{\"@type\":\"EntryPoint\",\"urlTemplate\":\"https:\/\/zbrojak-hradec.cz\/?s={search_term_string}\"},\"query-input\":{\"@type\":\"PropertyValueSpecification\",\"valueRequired\":true,\"valueName\":\"search_term_string\"}}],\"inLanguage\":\"cs\"}]}<\/script>\n<!-- \/ Yoast SEO plugin. -->","yoast_head_json":{"title":"Zah\u00e1jen\u00ed nov\u00e9ho kurzu - Zbroj\u00e1k Hradec Kr\u00e1lov\u00e9 - zbrojn\u00ed pr\u016fkazy","robots":{"index":"index","follow":"follow","max-snippet":"max-snippet:-1","max-image-preview":"max-image-preview:large","max-video-preview":"max-video-preview:-1"},"canonical":"http:\/\/zbrojak-hradec.cz\/?page_id=67","og_locale":"cs_CZ","og_type":"article","og_title":"Zah\u00e1jen\u00ed nov\u00e9ho kurzu - Zbroj\u00e1k Hradec Kr\u00e1lov\u00e9 - zbrojn\u00ed pr\u016fkazy","og_description":"Zah\u00e1jen\u00ed nov\u00e9ho kurzu pro z\u00edsk\u00e1n\u00ed zbrojn\u00edho opr\u00e1vn\u011bn\u00ed prob\u011bhne: (term\u00edny naleznete v z\u00e1lo\u017ece kurzy) kurz po\u0159\u00e1d\u00e1 spole\u010dnost Id-Tech, s.r.o. kurz prob\u011bhne v prostor\u00e1ch Zasedac\u00ed m\u00edstnost Plaveck\u00fd baz\u00e9n 50 m Eli\u0161\u010dino n\u00e1b\u0159e\u017e\u00ed [&hellip;]","og_url":"http:\/\/zbrojak-hradec.cz\/?page_id=67","og_site_name":"Zbroj\u00e1k Hradec Kr\u00e1lov\u00e9 - zbrojn\u00ed pr\u016fkazy","article_publisher":"https:\/\/www.facebook.com\/Zbroj%c3%a1k-Hradec-Kr%c3%a1lov%c3%a9-1187360928059073\/?fref=ts","article_modified_time":"2026-03-16T12:33:02+00:00","twitter_card":"summary_large_image","twitter_misc":{"Odhadovan\u00e1 doba \u010dten\u00ed":"1 minuta"},"schema":{"@context":"https:\/\/schema.org","@graph":[{"@type":"WebPage","@id":"http:\/\/zbrojak-hradec.cz\/?page_id=67","url":"http:\/\/zbrojak-hradec.cz\/?page_id=67","name":"Zah\u00e1jen\u00ed nov\u00e9ho kurzu - Zbroj\u00e1k Hradec Kr\u00e1lov\u00e9 - zbrojn\u00ed pr\u016fkazy","isPartOf":{"@id":"https:\/\/zbrojak-hradec.cz\/#website"},"datePublished":"2017-04-27T08:23:58+00:00","dateModified":"2026-03-16T12:33:02+00:00","breadcrumb":{"@id":"http:\/\/zbrojak-hradec.cz\/?page_id=67#breadcrumb"},"inLanguage":"cs","potentialAction":[{"@type":"ReadAction","target":["http:\/\/zbrojak-hradec.cz\/?page_id=67"]}]},{"@type":"BreadcrumbList","@id":"http:\/\/zbrojak-hradec.cz\/?page_id=67#breadcrumb","itemListElement":[{"@type":"ListItem","position":1,"name":"Dom\u016f","item":"https:\/\/zbrojak-hradec.cz\/"},{"@type":"ListItem","position":2,"name":"Zah\u00e1jen\u00ed nov\u00e9ho kurzu"}]},{"@type":"WebSite","@id":"https:\/\/zbrojak-hradec.cz\/#website","url":"https:\/\/zbrojak-hradec.cz\/","name":"Zbroj\u00e1k Hradec Kr\u00e1lov\u00e9 - zbrojn\u00ed pr\u016fkazy","description":"Kurzy ke z\u00edsk\u00e1n\u00ed ZP v Hradci Kr\u00e1lov\u00e9 a okol\u00ed","potentialAction":[{"@type":"SearchAction","target":{"@type":"EntryPoint","urlTemplate":"https:\/\/zbrojak-hradec.cz\/?s={search_term_string}"},"query-input":{"@type":"PropertyValueSpecification","valueRequired":true,"valueName":"search_term_string"}}],"inLanguage":"cs"}]}},"_links":{"self":[{"href":"https:\/\/zbrojak-hradec.cz\/index.php?rest_route=\/wp\/v2\/pages\/67","targetHints":{"allow":["GET"]}}],"collection":[{"href":"https:\/\/zbrojak-hradec.cz\/index.php?rest_route=\/wp\/v2\/pages"}],"about":[{"href":"https:\/\/zbrojak-hradec.cz\/index.php?rest_route=\/wp\/v2\/types\/page"}],"author":[{"embeddable":true,"href":"https:\/\/zbrojak-hradec.cz\/index.php?rest_route=\/wp\/v2\/users\/1"}],"replies":[{"embeddable":true,"href":"https:\/\/zbrojak-hradec.cz\/index.php?rest_route=%2Fwp%2Fv2%2Fcomments&post=67"}],"version-history":[{"count":31,"href":"https:\/\/zbrojak-hradec.cz\/index.php?rest_route=\/wp\/v2\/pages\/67\/revisions"}],"predecessor-version":[{"id":582,"href":"https:\/\/zbrojak-hradec.cz\/index.php?rest_route=\/wp\/v2\/pages\/67\/revisions\/582"}],"wp:attachment":[{"href":"https:\/\/zbrojak-hradec.cz\/index.php?rest_route=%2Fwp%2Fv2%2Fmedia&parent=67"}],"wp:term":[{"taxonomy":"post_tag","embeddable":true,"href":"https:\/\/zbrojak-hradec.cz\/index.php?rest_route=%2Fwp%2Fv2%2Ftags&post=67"}],"curies":[{"name":"wp","href":"https:\/\/api.w.org\/{rel}","templated":true}]}}